{"id":277,"date":"2020-08-20T12:11:45","date_gmt":"2020-08-20T16:11:45","guid":{"rendered":"https:\/\/eta-inc.ca\/?page_id=277"},"modified":"2020-09-09T13:32:25","modified_gmt":"2020-09-09T17:32:25","slug":"valvulas","status":"publish","type":"page","link":"https:\/\/eta-inc.ca\/es\/valvulas\/","title":{"rendered":"V\u00e1lvulas"},"content":{"rendered":"\t\t<div data-elementor-type=\"wp-page\" data-elementor-id=\"277\" class=\"elementor elementor-277\" data-elementor-post-type=\"page\">\n\t\t\t\t\t\t<section class=\"elementor-section elementor-top-section elementor-element elementor-element-bdef1f6 elementor-section-height-min-height elementor-section-items-top elementor-section-boxed elementor-section-height-default\" data-id=\"bdef1f6\" data-element_type=\"section\" data-settings=\"{&quot;background_background&quot;:&quot;classic&quot;}\">\n\t\t\t\t\t\t<div class=\"elementor-container elementor-column-gap-default\">\n\t\t\t\t\t<div class=\"elementor-column elementor-col-50 elementor-top-column elementor-element elementor-element-8f511e2\" data-id=\"8f511e2\" data-element_type=\"column\">\n\t\t\t<div class=\"elementor-widget-wrap elementor-element-populated\">\n\t\t\t\t\t\t<div class=\"elementor-element elementor-element-36f4640 elementor-widget elementor-widget-spacer\" data-id=\"36f4640\" data-element_type=\"widget\" data-widget_type=\"spacer.default\">\n\t\t\t\t<div class=\"elementor-widget-container\">\n\t\t\t\t\t\t\t<div class=\"elementor-spacer\">\n\t\t\t<div class=\"elementor-spacer-inner\"><\/div>\n\t\t<\/div>\n\t\t\t\t\t\t<\/div>\n\t\t\t\t<\/div>\n\t\t\t\t<section class=\"elementor-section elementor-inner-section elementor-element elementor-element-76cdd39 elementor-section-boxed elementor-section-height-default elementor-section-height-default\" data-id=\"76cdd39\" data-element_type=\"section\">\n\t\t\t\t\t\t<div class=\"elementor-container elementor-column-gap-default\">\n\t\t\t\t\t<div class=\"elementor-column elementor-col-50 elementor-inner-column elementor-element elementor-element-fe47817\" data-id=\"fe47817\" data-element_type=\"column\" data-settings=\"{&quot;background_background&quot;:&quot;classic&quot;}\">\n\t\t\t<div class=\"elementor-widget-wrap elementor-element-populated\">\n\t\t\t\t\t\t<div class=\"elementor-element elementor-element-06d4631 elementor-widget elementor-widget-heading\" data-id=\"06d4631\" data-element_type=\"widget\" data-widget_type=\"heading.default\">\n\t\t\t\t<div class=\"elementor-widget-container\">\n\t\t\t\t\t<h2 class=\"elementor-heading-title elementor-size-default\">V\u00e1lvulas  <\/h2>\t\t\t\t<\/div>\n\t\t\t\t<\/div>\n\t\t\t\t\t<\/div>\n\t\t<\/div>\n\t\t\t\t<div class=\"elementor-column elementor-col-50 elementor-inner-column elementor-element elementor-element-6df97b2\" data-id=\"6df97b2\" data-element_type=\"column\" data-settings=\"{&quot;background_background&quot;:&quot;classic&quot;}\">\n\t\t\t<div class=\"elementor-widget-wrap\">\n\t\t\t\t\t\t\t<\/div>\n\t\t<\/div>\n\t\t\t\t\t<\/div>\n\t\t<\/section>\n\t\t\t\t\t<\/div>\n\t\t<\/div>\n\t\t\t\t<div class=\"elementor-column elementor-col-50 elementor-top-column elementor-element elementor-element-3706bcb\" data-id=\"3706bcb\" data-element_type=\"column\">\n\t\t\t<div class=\"elementor-widget-wrap elementor-element-populated\">\n\t\t\t\t\t\t<section class=\"elementor-section elementor-inner-section elementor-element elementor-element-f77bb15 elementor-section-boxed elementor-section-height-default elementor-section-height-default\" data-id=\"f77bb15\" data-element_type=\"section\">\n\t\t\t\t\t\t<div class=\"elementor-container elementor-column-gap-default\">\n\t\t\t\t\t<div class=\"elementor-column elementor-col-50 elementor-inner-column elementor-element elementor-element-7f13297\" data-id=\"7f13297\" data-element_type=\"column\">\n\t\t\t<div class=\"elementor-widget-wrap\">\n\t\t\t\t\t\t\t<\/div>\n\t\t<\/div>\n\t\t\t\t<div class=\"elementor-column elementor-col-50 elementor-inner-column elementor-element elementor-element-45cee59\" data-id=\"45cee59\" data-element_type=\"column\">\n\t\t\t<div class=\"elementor-widget-wrap\">\n\t\t\t\t\t\t\t<\/div>\n\t\t<\/div>\n\t\t\t\t\t<\/div>\n\t\t<\/section>\n\t\t\t\t\t<\/div>\n\t\t<\/div>\n\t\t\t\t\t<\/div>\n\t\t<\/section>\n\t\t\t\t<section class=\"elementor-section elementor-top-section elementor-element elementor-element-8addcf4 elementor-section-boxed elementor-section-height-default elementor-section-height-default\" data-id=\"8addcf4\" data-element_type=\"section\">\n\t\t\t\t\t\t<div class=\"elementor-container elementor-column-gap-default\">\n\t\t\t\t\t<div class=\"elementor-column elementor-col-100 elementor-top-column elementor-element elementor-element-7f018b3\" data-id=\"7f018b3\" data-element_type=\"column\">\n\t\t\t<div class=\"elementor-widget-wrap elementor-element-populated\">\n\t\t\t\t\t\t<section class=\"elementor-section elementor-inner-section elementor-element elementor-element-066267e elementor-section-boxed elementor-section-height-default elementor-section-height-default\" data-id=\"066267e\" data-element_type=\"section\">\n\t\t\t\t\t\t<div class=\"elementor-container elementor-column-gap-default\">\n\t\t\t\t\t<div class=\"elementor-column elementor-col-100 elementor-inner-column elementor-element elementor-element-d878bd4\" data-id=\"d878bd4\" data-element_type=\"column\" data-settings=\"{&quot;background_background&quot;:&quot;classic&quot;}\">\n\t\t\t<div class=\"elementor-widget-wrap elementor-element-populated\">\n\t\t\t\t\t\t<div class=\"elementor-element elementor-element-20c1f1f elementor-widget elementor-widget-heading\" data-id=\"20c1f1f\" data-element_type=\"widget\" data-widget_type=\"heading.default\">\n\t\t\t\t<div class=\"elementor-widget-container\">\n\t\t\t\t\t<h2 class=\"elementor-heading-title elementor-size-default\">ETA PROPORCIONA V\u00c1LVULAS PARA NUESTROS PROYECTOS Y PARA OTROS CLIENTES, A CONTINUACION SE ENUMERAN:<\/h2>\t\t\t\t<\/div>\n\t\t\t\t<\/div>\n\t\t\t\t\t<\/div>\n\t\t<\/div>\n\t\t\t\t\t<\/div>\n\t\t<\/section>\n\t\t\t\t<section class=\"elementor-section elementor-inner-section elementor-element elementor-element-01fee56 elementor-section-boxed elementor-section-height-default elementor-section-height-default\" data-id=\"01fee56\" data-element_type=\"section\">\n\t\t\t\t\t\t<div class=\"elementor-container elementor-column-gap-default\">\n\t\t\t\t\t<div class=\"elementor-column elementor-col-50 elementor-inner-column elementor-element elementor-element-545cf78\" data-id=\"545cf78\" data-element_type=\"column\">\n\t\t\t<div class=\"elementor-widget-wrap elementor-element-populated\">\n\t\t\t\t\t\t<div class=\"elementor-element elementor-element-55c1000 elementor-widget elementor-widget-text-editor\" data-id=\"55c1000\" data-element_type=\"widget\" data-widget_type=\"text-editor.default\">\n\t\t\t\t<div class=\"elementor-widget-container\">\n\t\t\t\t\t\t\t\t\t<ul><li><strong>V\u00e1lvulas de mariposa<\/strong><strong> con dise\u00f1os de asiento resistente y de alto rendimiento en cuerpos de acero inoxidable, hierro fundido y hierro d\u00factil con varios materiales de asiento, incluidos EPDM, Viton, PTFE, Buna, asiento met\u00e1lico, etc., en configuraciones de obleas y orejetas.<\/strong><\/li><li><strong>V\u00e1lvulas de retorno <\/strong><strong>con dise\u00f1os tales como Swing, de pist\u00f3n, de peso y de palanca, disco inclinado, de oblea, y v\u00e1lvulas de retenci\u00f3n estilo Silent Globe. Las v\u00e1lvulas de retenci\u00f3n est\u00e1n disponibles en acero inoxidable, lat\u00f3n, bronce, acero al carbono, acero forjado y aleaciones especiales.<\/strong><\/li><\/ul>\t\t\t\t\t\t\t\t<\/div>\n\t\t\t\t<\/div>\n\t\t\t\t\t<\/div>\n\t\t<\/div>\n\t\t\t\t<div class=\"elementor-column elementor-col-50 elementor-inner-column elementor-element elementor-element-5135dca\" data-id=\"5135dca\" data-element_type=\"column\">\n\t\t\t<div class=\"elementor-widget-wrap elementor-element-populated\">\n\t\t\t\t\t\t<div class=\"elementor-element elementor-element-b56f856 elementor-widget elementor-widget-image\" data-id=\"b56f856\" data-element_type=\"widget\" data-widget_type=\"image.default\">\n\t\t\t\t<div class=\"elementor-widget-container\">\n\t\t\t\t\t\t\t\t\t\t\t\t\t\t\t<img fetchpriority=\"high\" decoding=\"async\" width=\"258\" height=\"304\" src=\"https:\/\/eta-inc.ca\/wp-content\/uploads\/2020\/08\/valves-1.png\" class=\"attachment-large size-large wp-image-142\" alt=\"\" srcset=\"https:\/\/eta-inc.ca\/wp-content\/uploads\/2020\/08\/valves-1.png 258w, https:\/\/eta-inc.ca\/wp-content\/uploads\/2020\/08\/valves-1-255x300.png 255w\" sizes=\"(max-width: 258px) 100vw, 258px\" \/>\t\t\t\t\t\t\t\t\t\t\t\t\t\t\t<\/div>\n\t\t\t\t<\/div>\n\t\t\t\t\t<\/div>\n\t\t<\/div>\n\t\t\t\t\t<\/div>\n\t\t<\/section>\n\t\t\t\t<section class=\"elementor-section elementor-inner-section elementor-element elementor-element-3b2e1bb elementor-section-boxed elementor-section-height-default elementor-section-height-default\" data-id=\"3b2e1bb\" data-element_type=\"section\">\n\t\t\t\t\t\t<div class=\"elementor-container elementor-column-gap-default\">\n\t\t\t\t\t<div class=\"elementor-column elementor-col-100 elementor-inner-column elementor-element elementor-element-5b478da\" data-id=\"5b478da\" data-element_type=\"column\">\n\t\t\t<div class=\"elementor-widget-wrap elementor-element-populated\">\n\t\t\t\t\t\t<div class=\"elementor-element elementor-element-6fe6be1 elementor-widget elementor-widget-text-editor\" data-id=\"6fe6be1\" data-element_type=\"widget\" data-widget_type=\"text-editor.default\">\n\t\t\t\t<div class=\"elementor-widget-container\">\n\t\t\t\t\t\t\t\t\t<ul><li><strong>V\u00e1lvulas de bola de 3 v\u00edas<\/strong><strong> para los mercados industrial, de procesos y de tuber\u00eda en acero inoxidable y lat\u00f3n.\u00a0<br \/><\/strong><\/li><\/ul>\t\t\t\t\t\t\t\t<\/div>\n\t\t\t\t<\/div>\n\t\t\t\t\t<\/div>\n\t\t<\/div>\n\t\t\t\t\t<\/div>\n\t\t<\/section>\n\t\t\t\t<section class=\"elementor-section elementor-inner-section elementor-element elementor-element-dd908dd elementor-section-boxed elementor-section-height-default elementor-section-height-default\" data-id=\"dd908dd\" data-element_type=\"section\">\n\t\t\t\t\t\t<div class=\"elementor-container elementor-column-gap-default\">\n\t\t\t\t\t<div class=\"elementor-column elementor-col-50 elementor-inner-column elementor-element elementor-element-15d151d\" data-id=\"15d151d\" data-element_type=\"column\">\n\t\t\t<div class=\"elementor-widget-wrap elementor-element-populated\">\n\t\t\t\t\t\t<div class=\"elementor-element elementor-element-dcc2c63 elementor-widget elementor-widget-image\" data-id=\"dcc2c63\" data-element_type=\"widget\" data-widget_type=\"image.default\">\n\t\t\t\t<div class=\"elementor-widget-container\">\n\t\t\t\t\t\t\t\t\t\t\t\t\t\t\t<img decoding=\"async\" width=\"216\" height=\"245\" src=\"https:\/\/eta-inc.ca\/wp-content\/uploads\/2020\/08\/products_valves-1.jpg.opt216x245o00s216x245-1.jpg\" class=\"attachment-large size-large wp-image-143\" alt=\"\" \/>\t\t\t\t\t\t\t\t\t\t\t\t\t\t\t<\/div>\n\t\t\t\t<\/div>\n\t\t\t\t\t<\/div>\n\t\t<\/div>\n\t\t\t\t<div class=\"elementor-column elementor-col-50 elementor-inner-column elementor-element elementor-element-28b3773\" data-id=\"28b3773\" data-element_type=\"column\">\n\t\t\t<div class=\"elementor-widget-wrap elementor-element-populated\">\n\t\t\t\t\t\t<div class=\"elementor-element elementor-element-d496884 elementor-widget elementor-widget-text-editor\" data-id=\"d496884\" data-element_type=\"widget\" data-widget_type=\"text-editor.default\">\n\t\t\t\t<div class=\"elementor-widget-container\">\n\t\t\t\t\t\t\t\t\t<ul><li><strong>Actuadores<\/strong> est\u00e1ndar y personalizados. Tambi\u00e9n ofrecemos actuadores dise\u00f1ados para varios est\u00e1ndares de aplicaci\u00f3n, incluyendo aquellos a prueba de explosiones. Nuestra selecci\u00f3n incluye operadores de engranajes neum\u00e1ticos, el\u00e9ctricos y manuales.<\/li><li><strong>V\u00e1lvulas de bola<\/strong><strong> para los mercados industrial, de procesos y de tuber\u00eda en muchos materiales y configuraciones que incluyen acero inoxidable, acero al carbono, Hastelloy, Monel, lat\u00f3n y bronce, entre otros materiales.<\/strong><\/li><li><strong>V\u00e1lvulas de compuerta<\/strong><strong> dise\u00f1adas seg\u00fan los est\u00e1ndares de la industria con paso completo y tipo <em>through conduit<\/em>. Pueden operarse manualmente, con engranajes o autom\u00e1ticamente. Las v\u00e1lvulas de compuerta se pueden pedir con varios materiales, incluidos Hastelloy, Alloy 20, acero inoxidable, todos los grados de acero al carbono, acero forjado, lat\u00f3n, bronce y muchos otros.<\/strong><\/li><\/ul>\t\t\t\t\t\t\t\t<\/div>\n\t\t\t\t<\/div>\n\t\t\t\t\t<\/div>\n\t\t<\/div>\n\t\t\t\t\t<\/div>\n\t\t<\/section>\n\t\t\t\t<section class=\"elementor-section elementor-inner-section elementor-element elementor-element-0318519 elementor-section-boxed elementor-section-height-default elementor-section-height-default\" data-id=\"0318519\" data-element_type=\"section\">\n\t\t\t\t\t\t<div class=\"elementor-container elementor-column-gap-default\">\n\t\t\t\t\t<div class=\"elementor-column elementor-col-100 elementor-inner-column elementor-element elementor-element-54b7ff1\" data-id=\"54b7ff1\" data-element_type=\"column\">\n\t\t\t<div class=\"elementor-widget-wrap elementor-element-populated\">\n\t\t\t\t\t\t<div class=\"elementor-element elementor-element-c9b1cf3 elementor-widget elementor-widget-text-editor\" data-id=\"c9b1cf3\" data-element_type=\"widget\" data-widget_type=\"text-editor.default\">\n\t\t\t\t<div class=\"elementor-widget-container\">\n\t\t\t\t\t\t\t\t\t<ul><li><strong>V\u00e1lvulas de guillotina<\/strong><strong> en acero inoxidable 316 y 317. Las opciones de asiento incluyen asiento met\u00e1lico, Viton o Hycar.<\/strong><\/li><\/ul>\t\t\t\t\t\t\t\t<\/div>\n\t\t\t\t<\/div>\n\t\t\t\t\t<\/div>\n\t\t<\/div>\n\t\t\t\t\t<\/div>\n\t\t<\/section>\n\t\t\t\t<section class=\"elementor-section elementor-inner-section elementor-element elementor-element-c19a6cb elementor-section-boxed elementor-section-height-default elementor-section-height-default\" data-id=\"c19a6cb\" data-element_type=\"section\">\n\t\t\t\t\t\t<div class=\"elementor-container elementor-column-gap-default\">\n\t\t\t\t\t<div class=\"elementor-column elementor-col-50 elementor-inner-column elementor-element elementor-element-2a961a4\" data-id=\"2a961a4\" data-element_type=\"column\">\n\t\t\t<div class=\"elementor-widget-wrap elementor-element-populated\">\n\t\t\t\t\t\t<div class=\"elementor-element elementor-element-0867b3c elementor-widget elementor-widget-text-editor\" data-id=\"0867b3c\" data-element_type=\"widget\" data-widget_type=\"text-editor.default\">\n\t\t\t\t<div class=\"elementor-widget-container\">\n\t\t\t\t\t\t\t\t\t<ul><li><strong>V\u00e1lvulas de globo<\/strong><strong> dise\u00f1adas seg\u00fan los est\u00e1ndares de la industria con paso completo. Pueden operarse manualmente, con engranajes o autom\u00e1ticamente. Las v\u00e1lvulas de globo se pueden pedir con varios materiales, incluidos Hastelloy, Alloy 20, acero inoxidable, todos los grados de acero al carbono, acero forjado, lat\u00f3n, bronce y muchos otros.<\/strong><\/li><\/ul>\t\t\t\t\t\t\t\t<\/div>\n\t\t\t\t<\/div>\n\t\t\t\t\t<\/div>\n\t\t<\/div>\n\t\t\t\t<div class=\"elementor-column elementor-col-50 elementor-inner-column elementor-element elementor-element-e6e43d8\" data-id=\"e6e43d8\" data-element_type=\"column\">\n\t\t\t<div class=\"elementor-widget-wrap elementor-element-populated\">\n\t\t\t\t\t\t<div class=\"elementor-element elementor-element-99db06e elementor-widget elementor-widget-image\" data-id=\"99db06e\" data-element_type=\"widget\" data-widget_type=\"image.default\">\n\t\t\t\t<div class=\"elementor-widget-container\">\n\t\t\t\t\t\t\t\t\t\t\t\t\t\t\t<img decoding=\"async\" width=\"314\" height=\"329\" src=\"https:\/\/eta-inc.ca\/wp-content\/uploads\/2020\/08\/valves-3.png\" class=\"attachment-large size-large wp-image-144\" alt=\"\" srcset=\"https:\/\/eta-inc.ca\/wp-content\/uploads\/2020\/08\/valves-3.png 314w, https:\/\/eta-inc.ca\/wp-content\/uploads\/2020\/08\/valves-3-286x300.png 286w\" sizes=\"(max-width: 314px) 100vw, 314px\" \/>\t\t\t\t\t\t\t\t\t\t\t\t\t\t\t<\/div>\n\t\t\t\t<\/div>\n\t\t\t\t\t<\/div>\n\t\t<\/div>\n\t\t\t\t\t<\/div>\n\t\t<\/section>\n\t\t\t\t<section class=\"elementor-section elementor-inner-section elementor-element elementor-element-c70d297 elementor-section-boxed elementor-section-height-default elementor-section-height-default\" data-id=\"c70d297\" data-element_type=\"section\">\n\t\t\t\t\t\t<div class=\"elementor-container elementor-column-gap-default\">\n\t\t\t\t\t<div class=\"elementor-column elementor-col-100 elementor-inner-column elementor-element elementor-element-128b869\" data-id=\"128b869\" data-element_type=\"column\">\n\t\t\t<div class=\"elementor-widget-wrap elementor-element-populated\">\n\t\t\t\t\t\t<div class=\"elementor-element elementor-element-31b515c elementor-widget elementor-widget-text-editor\" data-id=\"31b515c\" data-element_type=\"widget\" data-widget_type=\"text-editor.default\">\n\t\t\t\t<div class=\"elementor-widget-container\">\n\t\t\t\t\t\t\t\t\t<p><strong>Para solicitar una cotizaci\u00f3n o informaci\u00f3n adicional, comun\u00edquese con nuestro Gerente de Productos, Gabriel Pavel.<\/strong><\/p>\t\t\t\t\t\t\t\t<\/div>\n\t\t\t\t<\/div>\n\t\t\t\t\t<\/div>\n\t\t<\/div>\n\t\t\t\t\t<\/div>\n\t\t<\/section>\n\t\t\t\t\t<\/div>\n\t\t<\/div>\n\t\t\t\t\t<\/div>\n\t\t<\/section>\n\t\t\t\t<\/div>\n\t\t","protected":false},"excerpt":{"rendered":"<p>V\u00e1lvulas ETA PROPORCIONA V\u00c1LVULAS PARA NUESTROS PROYECTOS Y PARA OTROS CLIENTES, A CONTINUACION SE ENUMERAN: V\u00e1lvulas de mariposa con dise\u00f1os de asiento resistente y de alto rendimiento en cuerpos de acero inoxidable, hierro fundido y hierro d\u00factil con varios materiales de asiento, incluidos EPDM, Viton, PTFE, Buna, asiento met\u00e1lico, etc., en configuraciones de obleas y [&hellip;]<\/p>\n","protected":false},"author":2,"featured_media":216,"parent":0,"menu_order":0,"comment_status":"closed","ping_status":"closed","template":"","meta":{"footnotes":""},"class_list":["post-277","page","type-page","status-publish","has-post-thumbnail","hentry"],"yoast_head":"<!-- This site is optimized with the Yoast SEO plugin v26.6 - https:\/\/yoast.com\/wordpress\/plugins\/seo\/ -->\n<title>V\u00e1lvulas - ETA Inc<\/title>\n<meta name=\"description\" content=\"ETA PROPORCIONA V\u00c1LVULAS PARA NUESTROS PROYECTOS Y PARA OTROS CLIENTES\" \/>\n<meta name=\"robots\" content=\"index, follow, max-snippet:-1, max-image-preview:large, max-video-preview:-1\" \/>\n<link rel=\"canonical\" href=\"https:\/\/eta-inc.ca\/es\/valvulas\/\" \/>\n<meta property=\"og:locale\" content=\"es_ES\" \/>\n<meta property=\"og:type\" content=\"article\" \/>\n<meta property=\"og:title\" content=\"V\u00e1lvulas - ETA Inc\" \/>\n<meta property=\"og:description\" content=\"ETA PROPORCIONA V\u00c1LVULAS PARA NUESTROS PROYECTOS Y PARA OTROS CLIENTES\" \/>\n<meta property=\"og:url\" content=\"https:\/\/eta-inc.ca\/es\/valvulas\/\" \/>\n<meta property=\"og:site_name\" content=\"ETA Inc\" \/>\n<meta property=\"article:modified_time\" content=\"2020-09-09T17:32:25+00:00\" \/>\n<meta property=\"og:image\" content=\"https:\/\/eta-inc.ca\/wp-content\/uploads\/2020\/08\/valves-1.png\" \/>\n\t<meta property=\"og:image:width\" content=\"258\" \/>\n\t<meta property=\"og:image:height\" content=\"304\" \/>\n\t<meta property=\"og:image:type\" content=\"image\/png\" \/>\n<meta name=\"twitter:card\" content=\"summary_large_image\" \/>\n<meta name=\"twitter:label1\" content=\"Tiempo de lectura\" \/>\n\t<meta name=\"twitter:data1\" content=\"2 minutos\" \/>\n<script type=\"application\/ld+json\" class=\"yoast-schema-graph\">{\"@context\":\"https:\/\/schema.org\",\"@graph\":[{\"@type\":\"WebPage\",\"@id\":\"https:\/\/eta-inc.ca\/es\/valvulas\/\",\"url\":\"https:\/\/eta-inc.ca\/es\/valvulas\/\",\"name\":\"V\u00e1lvulas - ETA Inc\",\"isPartOf\":{\"@id\":\"https:\/\/eta-inc.ca\/#website\"},\"primaryImageOfPage\":{\"@id\":\"https:\/\/eta-inc.ca\/es\/valvulas\/#primaryimage\"},\"image\":{\"@id\":\"https:\/\/eta-inc.ca\/es\/valvulas\/#primaryimage\"},\"thumbnailUrl\":\"https:\/\/eta-inc.ca\/wp-content\/uploads\/2020\/08\/valves-1.png\",\"datePublished\":\"2020-08-20T16:11:45+00:00\",\"dateModified\":\"2020-09-09T17:32:25+00:00\",\"description\":\"ETA PROPORCIONA V\u00c1LVULAS PARA NUESTROS PROYECTOS Y PARA OTROS CLIENTES\",\"breadcrumb\":{\"@id\":\"https:\/\/eta-inc.ca\/es\/valvulas\/#breadcrumb\"},\"inLanguage\":\"es\",\"potentialAction\":[{\"@type\":\"ReadAction\",\"target\":[\"https:\/\/eta-inc.ca\/es\/valvulas\/\"]}]},{\"@type\":\"ImageObject\",\"inLanguage\":\"es\",\"@id\":\"https:\/\/eta-inc.ca\/es\/valvulas\/#primaryimage\",\"url\":\"https:\/\/eta-inc.ca\/wp-content\/uploads\/2020\/08\/valves-1.png\",\"contentUrl\":\"https:\/\/eta-inc.ca\/wp-content\/uploads\/2020\/08\/valves-1.png\",\"width\":258,\"height\":304},{\"@type\":\"BreadcrumbList\",\"@id\":\"https:\/\/eta-inc.ca\/es\/valvulas\/#breadcrumb\",\"itemListElement\":[{\"@type\":\"ListItem\",\"position\":1,\"name\":\"Home\",\"item\":\"https:\/\/eta-inc.ca\/es\/\"},{\"@type\":\"ListItem\",\"position\":2,\"name\":\"V\u00e1lvulas\"}]},{\"@type\":\"WebSite\",\"@id\":\"https:\/\/eta-inc.ca\/#website\",\"url\":\"https:\/\/eta-inc.ca\/\",\"name\":\"ETA Inc\",\"description\":\"\",\"publisher\":{\"@id\":\"https:\/\/eta-inc.ca\/#organization\"},\"potentialAction\":[{\"@type\":\"SearchAction\",\"target\":{\"@type\":\"EntryPoint\",\"urlTemplate\":\"https:\/\/eta-inc.ca\/?s={search_term_string}\"},\"query-input\":{\"@type\":\"PropertyValueSpecification\",\"valueRequired\":true,\"valueName\":\"search_term_string\"}}],\"inLanguage\":\"es\"},{\"@type\":\"Organization\",\"@id\":\"https:\/\/eta-inc.ca\/#organization\",\"name\":\"ETA Inc\",\"url\":\"https:\/\/eta-inc.ca\/\",\"logo\":{\"@type\":\"ImageObject\",\"inLanguage\":\"es\",\"@id\":\"https:\/\/eta-inc.ca\/#\/schema\/logo\/image\/\",\"url\":\"https:\/\/eta-inc.ca\/wp-content\/uploads\/2020\/08\/DU-ETA-Logo.png\",\"contentUrl\":\"https:\/\/eta-inc.ca\/wp-content\/uploads\/2020\/08\/DU-ETA-Logo.png\",\"width\":4882,\"height\":1343,\"caption\":\"ETA Inc\"},\"image\":{\"@id\":\"https:\/\/eta-inc.ca\/#\/schema\/logo\/image\/\"}}]}<\/script>\n<!-- \/ Yoast SEO plugin. -->","yoast_head_json":{"title":"V\u00e1lvulas - ETA Inc","description":"ETA PROPORCIONA V\u00c1LVULAS PARA NUESTROS PROYECTOS Y PARA OTROS CLIENTES","robots":{"index":"index","follow":"follow","max-snippet":"max-snippet:-1","max-image-preview":"max-image-preview:large","max-video-preview":"max-video-preview:-1"},"canonical":"https:\/\/eta-inc.ca\/es\/valvulas\/","og_locale":"es_ES","og_type":"article","og_title":"V\u00e1lvulas - ETA Inc","og_description":"ETA PROPORCIONA V\u00c1LVULAS PARA NUESTROS PROYECTOS Y PARA OTROS CLIENTES","og_url":"https:\/\/eta-inc.ca\/es\/valvulas\/","og_site_name":"ETA Inc","article_modified_time":"2020-09-09T17:32:25+00:00","og_image":[{"width":258,"height":304,"url":"https:\/\/eta-inc.ca\/wp-content\/uploads\/2020\/08\/valves-1.png","type":"image\/png"}],"twitter_card":"summary_large_image","twitter_misc":{"Tiempo de lectura":"2 minutos"},"schema":{"@context":"https:\/\/schema.org","@graph":[{"@type":"WebPage","@id":"https:\/\/eta-inc.ca\/es\/valvulas\/","url":"https:\/\/eta-inc.ca\/es\/valvulas\/","name":"V\u00e1lvulas - ETA Inc","isPartOf":{"@id":"https:\/\/eta-inc.ca\/#website"},"primaryImageOfPage":{"@id":"https:\/\/eta-inc.ca\/es\/valvulas\/#primaryimage"},"image":{"@id":"https:\/\/eta-inc.ca\/es\/valvulas\/#primaryimage"},"thumbnailUrl":"https:\/\/eta-inc.ca\/wp-content\/uploads\/2020\/08\/valves-1.png","datePublished":"2020-08-20T16:11:45+00:00","dateModified":"2020-09-09T17:32:25+00:00","description":"ETA PROPORCIONA V\u00c1LVULAS PARA NUESTROS PROYECTOS Y PARA OTROS CLIENTES","breadcrumb":{"@id":"https:\/\/eta-inc.ca\/es\/valvulas\/#breadcrumb"},"inLanguage":"es","potentialAction":[{"@type":"ReadAction","target":["https:\/\/eta-inc.ca\/es\/valvulas\/"]}]},{"@type":"ImageObject","inLanguage":"es","@id":"https:\/\/eta-inc.ca\/es\/valvulas\/#primaryimage","url":"https:\/\/eta-inc.ca\/wp-content\/uploads\/2020\/08\/valves-1.png","contentUrl":"https:\/\/eta-inc.ca\/wp-content\/uploads\/2020\/08\/valves-1.png","width":258,"height":304},{"@type":"BreadcrumbList","@id":"https:\/\/eta-inc.ca\/es\/valvulas\/#breadcrumb","itemListElement":[{"@type":"ListItem","position":1,"name":"Home","item":"https:\/\/eta-inc.ca\/es\/"},{"@type":"ListItem","position":2,"name":"V\u00e1lvulas"}]},{"@type":"WebSite","@id":"https:\/\/eta-inc.ca\/#website","url":"https:\/\/eta-inc.ca\/","name":"ETA Inc","description":"","publisher":{"@id":"https:\/\/eta-inc.ca\/#organization"},"potentialAction":[{"@type":"SearchAction","target":{"@type":"EntryPoint","urlTemplate":"https:\/\/eta-inc.ca\/?s={search_term_string}"},"query-input":{"@type":"PropertyValueSpecification","valueRequired":true,"valueName":"search_term_string"}}],"inLanguage":"es"},{"@type":"Organization","@id":"https:\/\/eta-inc.ca\/#organization","name":"ETA Inc","url":"https:\/\/eta-inc.ca\/","logo":{"@type":"ImageObject","inLanguage":"es","@id":"https:\/\/eta-inc.ca\/#\/schema\/logo\/image\/","url":"https:\/\/eta-inc.ca\/wp-content\/uploads\/2020\/08\/DU-ETA-Logo.png","contentUrl":"https:\/\/eta-inc.ca\/wp-content\/uploads\/2020\/08\/DU-ETA-Logo.png","width":4882,"height":1343,"caption":"ETA Inc"},"image":{"@id":"https:\/\/eta-inc.ca\/#\/schema\/logo\/image\/"}}]}},"_links":{"self":[{"href":"https:\/\/eta-inc.ca\/es\/wp-json\/wp\/v2\/pages\/277","targetHints":{"allow":["GET"]}}],"collection":[{"href":"https:\/\/eta-inc.ca\/es\/wp-json\/wp\/v2\/pages"}],"about":[{"href":"https:\/\/eta-inc.ca\/es\/wp-json\/wp\/v2\/types\/page"}],"author":[{"embeddable":true,"href":"https:\/\/eta-inc.ca\/es\/wp-json\/wp\/v2\/users\/2"}],"replies":[{"embeddable":true,"href":"https:\/\/eta-inc.ca\/es\/wp-json\/wp\/v2\/comments?post=277"}],"version-history":[{"count":3,"href":"https:\/\/eta-inc.ca\/es\/wp-json\/wp\/v2\/pages\/277\/revisions"}],"predecessor-version":[{"id":409,"href":"https:\/\/eta-inc.ca\/es\/wp-json\/wp\/v2\/pages\/277\/revisions\/409"}],"wp:featuredmedia":[{"embeddable":true,"href":"https:\/\/eta-inc.ca\/es\/wp-json\/wp\/v2\/media\/216"}],"wp:attachment":[{"href":"https:\/\/eta-inc.ca\/es\/wp-json\/wp\/v2\/media?parent=277"}],"curies":[{"name":"wp","href":"https:\/\/api.w.org\/{rel}","templated":true}]}}