{"id":270,"date":"2020-08-20T11:58:33","date_gmt":"2020-08-20T15:58:33","guid":{"rendered":"https:\/\/eta-inc.ca\/?page_id=270"},"modified":"2020-09-09T13:28:28","modified_gmt":"2020-09-09T17:28:28","slug":"productos","status":"publish","type":"page","link":"https:\/\/eta-inc.ca\/es\/productos\/","title":{"rendered":"Productos"},"content":{"rendered":"\t\t<div data-elementor-type=\"wp-page\" data-elementor-id=\"270\" class=\"elementor elementor-270\" data-elementor-post-type=\"page\">\n\t\t\t\t\t\t<section class=\"elementor-section elementor-top-section elementor-element elementor-element-c39679e elementor-section-height-min-height elementor-section-items-top elementor-section-boxed elementor-section-height-default\" data-id=\"c39679e\" data-element_type=\"section\" data-settings=\"{&quot;background_background&quot;:&quot;classic&quot;}\">\n\t\t\t\t\t\t<div class=\"elementor-container elementor-column-gap-default\">\n\t\t\t\t\t<div class=\"elementor-column elementor-col-50 elementor-top-column elementor-element elementor-element-e8ecf9b\" data-id=\"e8ecf9b\" data-element_type=\"column\">\n\t\t\t<div class=\"elementor-widget-wrap elementor-element-populated\">\n\t\t\t\t\t\t<div class=\"elementor-element elementor-element-0c68164 elementor-widget elementor-widget-spacer\" data-id=\"0c68164\" data-element_type=\"widget\" data-widget_type=\"spacer.default\">\n\t\t\t\t<div class=\"elementor-widget-container\">\n\t\t\t\t\t\t\t<div class=\"elementor-spacer\">\n\t\t\t<div class=\"elementor-spacer-inner\"><\/div>\n\t\t<\/div>\n\t\t\t\t\t\t<\/div>\n\t\t\t\t<\/div>\n\t\t\t\t<section class=\"elementor-section elementor-inner-section elementor-element elementor-element-ad6dc69 elementor-section-boxed elementor-section-height-default elementor-section-height-default\" data-id=\"ad6dc69\" data-element_type=\"section\">\n\t\t\t\t\t\t<div class=\"elementor-container elementor-column-gap-default\">\n\t\t\t\t\t<div class=\"elementor-column elementor-col-50 elementor-inner-column elementor-element elementor-element-26197d0\" data-id=\"26197d0\" data-element_type=\"column\" data-settings=\"{&quot;background_background&quot;:&quot;classic&quot;}\">\n\t\t\t<div class=\"elementor-widget-wrap elementor-element-populated\">\n\t\t\t\t\t\t<div class=\"elementor-element elementor-element-a67ebc5 elementor-widget elementor-widget-heading\" data-id=\"a67ebc5\" data-element_type=\"widget\" data-widget_type=\"heading.default\">\n\t\t\t\t<div class=\"elementor-widget-container\">\n\t\t\t\t\t<h2 class=\"elementor-heading-title elementor-size-default\">Productos <\/h2>\t\t\t\t<\/div>\n\t\t\t\t<\/div>\n\t\t\t\t\t<\/div>\n\t\t<\/div>\n\t\t\t\t<div class=\"elementor-column elementor-col-50 elementor-inner-column elementor-element elementor-element-ab98fa5\" data-id=\"ab98fa5\" data-element_type=\"column\" data-settings=\"{&quot;background_background&quot;:&quot;classic&quot;}\">\n\t\t\t<div class=\"elementor-widget-wrap\">\n\t\t\t\t\t\t\t<\/div>\n\t\t<\/div>\n\t\t\t\t\t<\/div>\n\t\t<\/section>\n\t\t\t\t\t<\/div>\n\t\t<\/div>\n\t\t\t\t<div class=\"elementor-column elementor-col-50 elementor-top-column elementor-element elementor-element-f1ce53f\" data-id=\"f1ce53f\" data-element_type=\"column\">\n\t\t\t<div class=\"elementor-widget-wrap elementor-element-populated\">\n\t\t\t\t\t\t<section class=\"elementor-section elementor-inner-section elementor-element elementor-element-308748d elementor-section-boxed elementor-section-height-default elementor-section-height-default\" data-id=\"308748d\" data-element_type=\"section\">\n\t\t\t\t\t\t<div class=\"elementor-container elementor-column-gap-default\">\n\t\t\t\t\t<div class=\"elementor-column elementor-col-50 elementor-inner-column elementor-element elementor-element-83f12c8\" data-id=\"83f12c8\" data-element_type=\"column\">\n\t\t\t<div class=\"elementor-widget-wrap\">\n\t\t\t\t\t\t\t<\/div>\n\t\t<\/div>\n\t\t\t\t<div class=\"elementor-column elementor-col-50 elementor-inner-column elementor-element elementor-element-4e1b31f\" data-id=\"4e1b31f\" data-element_type=\"column\">\n\t\t\t<div class=\"elementor-widget-wrap\">\n\t\t\t\t\t\t\t<\/div>\n\t\t<\/div>\n\t\t\t\t\t<\/div>\n\t\t<\/section>\n\t\t\t\t\t<\/div>\n\t\t<\/div>\n\t\t\t\t\t<\/div>\n\t\t<\/section>\n\t\t\t\t<section class=\"elementor-section elementor-top-section elementor-element elementor-element-d3e4847 elementor-section-boxed elementor-section-height-default elementor-section-height-default\" data-id=\"d3e4847\" data-element_type=\"section\">\n\t\t\t\t\t\t<div class=\"elementor-container elementor-column-gap-default\">\n\t\t\t\t\t<div class=\"elementor-column elementor-col-100 elementor-top-column elementor-element elementor-element-f26a2d0\" data-id=\"f26a2d0\" data-element_type=\"column\">\n\t\t\t<div class=\"elementor-widget-wrap elementor-element-populated\">\n\t\t\t\t\t\t<section class=\"elementor-section elementor-inner-section elementor-element elementor-element-b9b9af3 elementor-section-boxed elementor-section-height-default elementor-section-height-default\" data-id=\"b9b9af3\" data-element_type=\"section\">\n\t\t\t\t\t\t<div class=\"elementor-container elementor-column-gap-default\">\n\t\t\t\t\t<div class=\"elementor-column elementor-col-50 elementor-inner-column elementor-element elementor-element-f85fb34\" data-id=\"f85fb34\" data-element_type=\"column\">\n\t\t\t<div class=\"elementor-widget-wrap elementor-element-populated\">\n\t\t\t\t\t\t<div class=\"elementor-element elementor-element-32a804e elementor-widget elementor-widget-image\" data-id=\"32a804e\" data-element_type=\"widget\" data-widget_type=\"image.default\">\n\t\t\t\t<div class=\"elementor-widget-container\">\n\t\t\t\t\t\t\t\t\t\t\t\t\t\t\t<img fetchpriority=\"high\" decoding=\"async\" width=\"263\" height=\"263\" src=\"https:\/\/eta-inc.ca\/wp-content\/uploads\/2020\/08\/products_instrumentation.jpg.opt263x263o00s263x263.jpg\" class=\"attachment-full size-full wp-image-117\" alt=\"\" srcset=\"https:\/\/eta-inc.ca\/wp-content\/uploads\/2020\/08\/products_instrumentation.jpg.opt263x263o00s263x263.jpg 263w, https:\/\/eta-inc.ca\/wp-content\/uploads\/2020\/08\/products_instrumentation.jpg.opt263x263o00s263x263-150x150.jpg 150w\" sizes=\"(max-width: 263px) 100vw, 263px\" \/>\t\t\t\t\t\t\t\t\t\t\t\t\t\t\t<\/div>\n\t\t\t\t<\/div>\n\t\t\t\t<div class=\"elementor-element elementor-element-bca9d4e elementor-widget elementor-widget-heading\" data-id=\"bca9d4e\" data-element_type=\"widget\" data-widget_type=\"heading.default\">\n\t\t\t\t<div class=\"elementor-widget-container\">\n\t\t\t\t\t<p class=\"elementor-heading-title elementor-size-default\">INSTRUMENTACI\u00d3N<\/p>\t\t\t\t<\/div>\n\t\t\t\t<\/div>\n\t\t\t\t<div class=\"elementor-element elementor-element-deb45aa elementor-widget elementor-widget-text-editor\" data-id=\"deb45aa\" data-element_type=\"widget\" data-widget_type=\"text-editor.default\">\n\t\t\t\t<div class=\"elementor-widget-container\">\n\t\t\t\t\t\t\t\t\t<p>ETA ofrece una amplia gama de instrumentos para que sus proyectos cumplan de manera rentable los requisitos de monitoreo y automatizaci\u00f3n.\u00a0 Los instrumentos incluyen par\u00e1metros f\u00edsicos y anal\u00edticos.<\/p>\t\t\t\t\t\t\t\t<\/div>\n\t\t\t\t<\/div>\n\t\t\t\t<div class=\"elementor-element elementor-element-3f8d22b elementor-widget elementor-widget-button\" data-id=\"3f8d22b\" data-element_type=\"widget\" data-widget_type=\"button.default\">\n\t\t\t\t<div class=\"elementor-widget-container\">\n\t\t\t\t\t\t\t\t\t<div class=\"elementor-button-wrapper\">\n\t\t\t\t\t<a class=\"elementor-button elementor-button-link elementor-size-md\" href=\"https:\/\/eta-inc.ca\/instrumentation\/\">\n\t\t\t\t\t\t<span class=\"elementor-button-content-wrapper\">\n\t\t\t\t\t\t\t\t\t<span class=\"elementor-button-text\">Conozca m\u00e1s<\/span>\n\t\t\t\t\t<\/span>\n\t\t\t\t\t<\/a>\n\t\t\t\t<\/div>\n\t\t\t\t\t\t\t\t<\/div>\n\t\t\t\t<\/div>\n\t\t\t\t\t<\/div>\n\t\t<\/div>\n\t\t\t\t<div class=\"elementor-column elementor-col-50 elementor-inner-column elementor-element elementor-element-512eb35\" data-id=\"512eb35\" data-element_type=\"column\">\n\t\t\t<div class=\"elementor-widget-wrap elementor-element-populated\">\n\t\t\t\t\t\t<div class=\"elementor-element elementor-element-976c0db elementor-widget elementor-widget-image\" data-id=\"976c0db\" data-element_type=\"widget\" data-widget_type=\"image.default\">\n\t\t\t\t<div class=\"elementor-widget-container\">\n\t\t\t\t\t\t\t\t\t\t\t\t\t\t\t<img decoding=\"async\" width=\"216\" height=\"245\" src=\"https:\/\/eta-inc.ca\/wp-content\/uploads\/2020\/08\/products_valves.jpg.opt216x245o00s216x245.jpg\" class=\"attachment-full size-full wp-image-118\" alt=\"\" \/>\t\t\t\t\t\t\t\t\t\t\t\t\t\t\t<\/div>\n\t\t\t\t<\/div>\n\t\t\t\t<div class=\"elementor-element elementor-element-c9c97c1 elementor-widget elementor-widget-heading\" data-id=\"c9c97c1\" data-element_type=\"widget\" data-widget_type=\"heading.default\">\n\t\t\t\t<div class=\"elementor-widget-container\">\n\t\t\t\t\t<p class=\"elementor-heading-title elementor-size-default\">V\u00c1LVULAS<\/p>\t\t\t\t<\/div>\n\t\t\t\t<\/div>\n\t\t\t\t<div class=\"elementor-element elementor-element-c921e12 elementor-widget elementor-widget-text-editor\" data-id=\"c921e12\" data-element_type=\"widget\" data-widget_type=\"text-editor.default\">\n\t\t\t\t<div class=\"elementor-widget-container\">\n\t\t\t\t\t\t\t\t\t<p>ETA proporciona v\u00e1lvulas para nuestros propios proyectos y para otros clientes, incluyendo v\u00e1lvulas de mariposa, v\u00e1lvulas de retenci\u00f3n, v\u00e1lvulas de bola, v\u00e1lvulas de compuerta y v\u00e1lvulas de globo.\u00a0 Dise\u00f1adas utilizando los est\u00e1ndares de la industria.<\/p>\t\t\t\t\t\t\t\t<\/div>\n\t\t\t\t<\/div>\n\t\t\t\t<div class=\"elementor-element elementor-element-65b7a2c elementor-widget elementor-widget-button\" data-id=\"65b7a2c\" data-element_type=\"widget\" data-widget_type=\"button.default\">\n\t\t\t\t<div class=\"elementor-widget-container\">\n\t\t\t\t\t\t\t\t\t<div class=\"elementor-button-wrapper\">\n\t\t\t\t\t<a class=\"elementor-button elementor-button-link elementor-size-md\" href=\"https:\/\/eta-inc.ca\/valves\/\">\n\t\t\t\t\t\t<span class=\"elementor-button-content-wrapper\">\n\t\t\t\t\t\t\t\t\t<span class=\"elementor-button-text\">Conozca m\u00e1s<\/span>\n\t\t\t\t\t<\/span>\n\t\t\t\t\t<\/a>\n\t\t\t\t<\/div>\n\t\t\t\t\t\t\t\t<\/div>\n\t\t\t\t<\/div>\n\t\t\t\t\t<\/div>\n\t\t<\/div>\n\t\t\t\t\t<\/div>\n\t\t<\/section>\n\t\t\t\t<section class=\"elementor-section elementor-inner-section elementor-element elementor-element-b758e42 elementor-section-boxed elementor-section-height-default elementor-section-height-default\" data-id=\"b758e42\" data-element_type=\"section\">\n\t\t\t\t\t\t<div class=\"elementor-container elementor-column-gap-default\">\n\t\t\t\t\t<div class=\"elementor-column elementor-col-50 elementor-inner-column elementor-element elementor-element-7749084\" data-id=\"7749084\" data-element_type=\"column\">\n\t\t\t<div class=\"elementor-widget-wrap elementor-element-populated\">\n\t\t\t\t\t\t<div class=\"elementor-element elementor-element-7e52275 elementor-widget elementor-widget-image\" data-id=\"7e52275\" data-element_type=\"widget\" data-widget_type=\"image.default\">\n\t\t\t\t<div class=\"elementor-widget-container\">\n\t\t\t\t\t\t\t\t\t\t\t\t\t\t\t<img decoding=\"async\" width=\"283\" height=\"275\" src=\"https:\/\/eta-inc.ca\/wp-content\/uploads\/2020\/08\/products_blowers.jpg\" class=\"attachment-full size-full wp-image-119\" alt=\"\" \/>\t\t\t\t\t\t\t\t\t\t\t\t\t\t\t<\/div>\n\t\t\t\t<\/div>\n\t\t\t\t<div class=\"elementor-element elementor-element-678f54d elementor-widget elementor-widget-heading\" data-id=\"678f54d\" data-element_type=\"widget\" data-widget_type=\"heading.default\">\n\t\t\t\t<div class=\"elementor-widget-container\">\n\t\t\t\t\t<p class=\"elementor-heading-title elementor-size-default\">SOPLADORES<\/p>\t\t\t\t<\/div>\n\t\t\t\t<\/div>\n\t\t\t\t<div class=\"elementor-element elementor-element-c98713a elementor-widget elementor-widget-text-editor\" data-id=\"c98713a\" data-element_type=\"widget\" data-widget_type=\"text-editor.default\">\n\t\t\t\t<div class=\"elementor-widget-container\">\n\t\t\t\t\t\t\t\t\t<p>ETA suministra una amplia gama de sopladores regenerativos y bombas de vac\u00edo para nuestros proyectos y para otros clientes. Nuestros sopladores regenerativos son una alternativa ideal para las bombas de paletas rotativas est\u00e1ndar y los sopladores de l\u00f3bulos rotativos\/PD. El dise\u00f1o liviano y compacto se suma a la facilidad de operaci\u00f3n.<\/p>\t\t\t\t\t\t\t\t<\/div>\n\t\t\t\t<\/div>\n\t\t\t\t<div class=\"elementor-element elementor-element-0f0bf34 elementor-widget elementor-widget-button\" data-id=\"0f0bf34\" data-element_type=\"widget\" data-widget_type=\"button.default\">\n\t\t\t\t<div class=\"elementor-widget-container\">\n\t\t\t\t\t\t\t\t\t<div class=\"elementor-button-wrapper\">\n\t\t\t\t\t<a class=\"elementor-button elementor-button-link elementor-size-md\" href=\"https:\/\/eta-inc.ca\/blowers\/\">\n\t\t\t\t\t\t<span class=\"elementor-button-content-wrapper\">\n\t\t\t\t\t\t\t\t\t<span class=\"elementor-button-text\">Conozca m\u00e1s<\/span>\n\t\t\t\t\t<\/span>\n\t\t\t\t\t<\/a>\n\t\t\t\t<\/div>\n\t\t\t\t\t\t\t\t<\/div>\n\t\t\t\t<\/div>\n\t\t\t\t\t<\/div>\n\t\t<\/div>\n\t\t\t\t<div class=\"elementor-column elementor-col-50 elementor-inner-column elementor-element elementor-element-29ef5bd\" data-id=\"29ef5bd\" data-element_type=\"column\">\n\t\t\t<div class=\"elementor-widget-wrap elementor-element-populated\">\n\t\t\t\t\t\t<div class=\"elementor-element elementor-element-4db352d elementor-widget elementor-widget-image\" data-id=\"4db352d\" data-element_type=\"widget\" data-widget_type=\"image.default\">\n\t\t\t\t<div class=\"elementor-widget-container\">\n\t\t\t\t\t\t\t\t\t\t\t\t\t\t\t<img loading=\"lazy\" decoding=\"async\" width=\"266\" height=\"266\" src=\"https:\/\/eta-inc.ca\/wp-content\/uploads\/2020\/08\/products_pumps.jpg\" class=\"attachment-full size-full wp-image-120\" alt=\"\" srcset=\"https:\/\/eta-inc.ca\/wp-content\/uploads\/2020\/08\/products_pumps.jpg 266w, https:\/\/eta-inc.ca\/wp-content\/uploads\/2020\/08\/products_pumps-150x150.jpg 150w\" sizes=\"(max-width: 266px) 100vw, 266px\" \/>\t\t\t\t\t\t\t\t\t\t\t\t\t\t\t<\/div>\n\t\t\t\t<\/div>\n\t\t\t\t<div class=\"elementor-element elementor-element-d540ed6 elementor-widget elementor-widget-heading\" data-id=\"d540ed6\" data-element_type=\"widget\" data-widget_type=\"heading.default\">\n\t\t\t\t<div class=\"elementor-widget-container\">\n\t\t\t\t\t<p class=\"elementor-heading-title elementor-size-default\">BOMBAS, SISTEMAS DE AIREACI\u00d3N Y MEZCLA\n<\/p>\t\t\t\t<\/div>\n\t\t\t\t<\/div>\n\t\t\t\t<div class=\"elementor-element elementor-element-078c2f3 elementor-widget elementor-widget-text-editor\" data-id=\"078c2f3\" data-element_type=\"widget\" data-widget_type=\"text-editor.default\">\n\t\t\t\t<div class=\"elementor-widget-container\">\n\t\t\t\t\t\t\t\t\t<p>Una planta de tratamiento es un sistema complejo. Su dise\u00f1o requiere un alto grado de especializaci\u00f3n, experiencia consolidada y productos fiables y adecuados.\u00a0 ETA puede cumplir con sus requisitos de bombeo y aireaci\u00f3n de manera rentable.<\/p>\t\t\t\t\t\t\t\t<\/div>\n\t\t\t\t<\/div>\n\t\t\t\t<div class=\"elementor-element elementor-element-9a7b2a9 elementor-widget elementor-widget-button\" data-id=\"9a7b2a9\" data-element_type=\"widget\" data-widget_type=\"button.default\">\n\t\t\t\t<div class=\"elementor-widget-container\">\n\t\t\t\t\t\t\t\t\t<div class=\"elementor-button-wrapper\">\n\t\t\t\t\t<a class=\"elementor-button elementor-button-link elementor-size-md\" href=\"https:\/\/eta-inc.ca\/mixing-systems\/\">\n\t\t\t\t\t\t<span class=\"elementor-button-content-wrapper\">\n\t\t\t\t\t\t\t\t\t<span class=\"elementor-button-text\">Conozca m\u00e1s<\/span>\n\t\t\t\t\t<\/span>\n\t\t\t\t\t<\/a>\n\t\t\t\t<\/div>\n\t\t\t\t\t\t\t\t<\/div>\n\t\t\t\t<\/div>\n\t\t\t\t\t<\/div>\n\t\t<\/div>\n\t\t\t\t\t<\/div>\n\t\t<\/section>\n\t\t\t\t\t<\/div>\n\t\t<\/div>\n\t\t\t\t\t<\/div>\n\t\t<\/section>\n\t\t\t\t<section class=\"elementor-section elementor-top-section elementor-element elementor-element-bb1a4b8 elementor-section-full_width elementor-section-height-default elementor-section-height-default\" data-id=\"bb1a4b8\" data-element_type=\"section\" data-settings=\"{&quot;background_background&quot;:&quot;classic&quot;}\">\n\t\t\t\t\t\t<div class=\"elementor-container elementor-column-gap-default\">\n\t\t\t\t\t<div class=\"elementor-column elementor-col-100 elementor-top-column elementor-element elementor-element-8898cd2\" data-id=\"8898cd2\" data-element_type=\"column\">\n\t\t\t<div class=\"elementor-widget-wrap elementor-element-populated\">\n\t\t\t\t\t\t<div class=\"elementor-element elementor-element-5c916ad elementor-widget elementor-widget-spacer\" data-id=\"5c916ad\" data-element_type=\"widget\" data-widget_type=\"spacer.default\">\n\t\t\t\t<div class=\"elementor-widget-container\">\n\t\t\t\t\t\t\t<div class=\"elementor-spacer\">\n\t\t\t<div class=\"elementor-spacer-inner\"><\/div>\n\t\t<\/div>\n\t\t\t\t\t\t<\/div>\n\t\t\t\t<\/div>\n\t\t\t\t\t<\/div>\n\t\t<\/div>\n\t\t\t\t\t<\/div>\n\t\t<\/section>\n\t\t\t\t<\/div>\n\t\t","protected":false},"excerpt":{"rendered":"<p>Productos INSTRUMENTACI\u00d3N ETA ofrece una amplia gama de instrumentos para que sus proyectos cumplan de manera rentable los requisitos de monitoreo y automatizaci\u00f3n.&nbsp; Los instrumentos incluyen par\u00e1metros f\u00edsicos y anal\u00edticos. Conozca m\u00e1s V\u00c1LVULAS ETA proporciona v\u00e1lvulas para nuestros propios proyectos y para otros clientes, incluyendo v\u00e1lvulas de mariposa, v\u00e1lvulas de retenci\u00f3n, v\u00e1lvulas de bola, v\u00e1lvulas [&hellip;]<\/p>\n","protected":false},"author":2,"featured_media":212,"parent":0,"menu_order":0,"comment_status":"closed","ping_status":"closed","template":"","meta":{"footnotes":""},"class_list":["post-270","page","type-page","status-publish","has-post-thumbnail","hentry"],"yoast_head":"<!-- This site is optimized with the Yoast SEO plugin v26.6 - https:\/\/yoast.com\/wordpress\/plugins\/seo\/ -->\n<title>Productos - ETA Inc<\/title>\n<meta name=\"description\" content=\"ETA ofrece una amplia gama de instrumentos para que sus proyectos cumplan de manera rentable los requisitos de monitoreo y automatizaci\u00f3n.\" \/>\n<meta name=\"robots\" content=\"index, follow, max-snippet:-1, max-image-preview:large, max-video-preview:-1\" \/>\n<link rel=\"canonical\" href=\"https:\/\/eta-inc.ca\/es\/productos\/\" \/>\n<meta property=\"og:locale\" content=\"es_ES\" \/>\n<meta property=\"og:type\" content=\"article\" \/>\n<meta property=\"og:title\" content=\"Productos - ETA Inc\" \/>\n<meta property=\"og:description\" content=\"ETA ofrece una amplia gama de instrumentos para que sus proyectos cumplan de manera rentable los requisitos de monitoreo y automatizaci\u00f3n.\" \/>\n<meta property=\"og:url\" content=\"https:\/\/eta-inc.ca\/es\/productos\/\" \/>\n<meta property=\"og:site_name\" content=\"ETA Inc\" \/>\n<meta property=\"article:modified_time\" content=\"2020-09-09T17:28:28+00:00\" \/>\n<meta property=\"og:image\" content=\"https:\/\/eta-inc.ca\/wp-content\/uploads\/2020\/08\/products_blowers.jpg\" \/>\n\t<meta property=\"og:image:width\" content=\"283\" \/>\n\t<meta property=\"og:image:height\" content=\"275\" \/>\n\t<meta property=\"og:image:type\" content=\"image\/jpeg\" \/>\n<meta name=\"twitter:card\" content=\"summary_large_image\" \/>\n<meta name=\"twitter:label1\" content=\"Tiempo de lectura\" \/>\n\t<meta name=\"twitter:data1\" content=\"1 minuto\" \/>\n<script type=\"application\/ld+json\" class=\"yoast-schema-graph\">{\"@context\":\"https:\/\/schema.org\",\"@graph\":[{\"@type\":\"WebPage\",\"@id\":\"https:\/\/eta-inc.ca\/es\/productos\/\",\"url\":\"https:\/\/eta-inc.ca\/es\/productos\/\",\"name\":\"Productos - ETA Inc\",\"isPartOf\":{\"@id\":\"https:\/\/eta-inc.ca\/#website\"},\"primaryImageOfPage\":{\"@id\":\"https:\/\/eta-inc.ca\/es\/productos\/#primaryimage\"},\"image\":{\"@id\":\"https:\/\/eta-inc.ca\/es\/productos\/#primaryimage\"},\"thumbnailUrl\":\"https:\/\/eta-inc.ca\/wp-content\/uploads\/2020\/08\/products_blowers.jpg\",\"datePublished\":\"2020-08-20T15:58:33+00:00\",\"dateModified\":\"2020-09-09T17:28:28+00:00\",\"description\":\"ETA ofrece una amplia gama de instrumentos para que sus proyectos cumplan de manera rentable los requisitos de monitoreo y automatizaci\u00f3n.\",\"breadcrumb\":{\"@id\":\"https:\/\/eta-inc.ca\/es\/productos\/#breadcrumb\"},\"inLanguage\":\"es\",\"potentialAction\":[{\"@type\":\"ReadAction\",\"target\":[\"https:\/\/eta-inc.ca\/es\/productos\/\"]}]},{\"@type\":\"ImageObject\",\"inLanguage\":\"es\",\"@id\":\"https:\/\/eta-inc.ca\/es\/productos\/#primaryimage\",\"url\":\"https:\/\/eta-inc.ca\/wp-content\/uploads\/2020\/08\/products_blowers.jpg\",\"contentUrl\":\"https:\/\/eta-inc.ca\/wp-content\/uploads\/2020\/08\/products_blowers.jpg\",\"width\":283,\"height\":275},{\"@type\":\"BreadcrumbList\",\"@id\":\"https:\/\/eta-inc.ca\/es\/productos\/#breadcrumb\",\"itemListElement\":[{\"@type\":\"ListItem\",\"position\":1,\"name\":\"Home\",\"item\":\"https:\/\/eta-inc.ca\/es\/\"},{\"@type\":\"ListItem\",\"position\":2,\"name\":\"Productos\"}]},{\"@type\":\"WebSite\",\"@id\":\"https:\/\/eta-inc.ca\/#website\",\"url\":\"https:\/\/eta-inc.ca\/\",\"name\":\"ETA Inc\",\"description\":\"\",\"publisher\":{\"@id\":\"https:\/\/eta-inc.ca\/#organization\"},\"potentialAction\":[{\"@type\":\"SearchAction\",\"target\":{\"@type\":\"EntryPoint\",\"urlTemplate\":\"https:\/\/eta-inc.ca\/?s={search_term_string}\"},\"query-input\":{\"@type\":\"PropertyValueSpecification\",\"valueRequired\":true,\"valueName\":\"search_term_string\"}}],\"inLanguage\":\"es\"},{\"@type\":\"Organization\",\"@id\":\"https:\/\/eta-inc.ca\/#organization\",\"name\":\"ETA Inc\",\"url\":\"https:\/\/eta-inc.ca\/\",\"logo\":{\"@type\":\"ImageObject\",\"inLanguage\":\"es\",\"@id\":\"https:\/\/eta-inc.ca\/#\/schema\/logo\/image\/\",\"url\":\"https:\/\/eta-inc.ca\/wp-content\/uploads\/2020\/08\/DU-ETA-Logo.png\",\"contentUrl\":\"https:\/\/eta-inc.ca\/wp-content\/uploads\/2020\/08\/DU-ETA-Logo.png\",\"width\":4882,\"height\":1343,\"caption\":\"ETA Inc\"},\"image\":{\"@id\":\"https:\/\/eta-inc.ca\/#\/schema\/logo\/image\/\"}}]}<\/script>\n<!-- \/ Yoast SEO plugin. -->","yoast_head_json":{"title":"Productos - ETA Inc","description":"ETA ofrece una amplia gama de instrumentos para que sus proyectos cumplan de manera rentable los requisitos de monitoreo y automatizaci\u00f3n.","robots":{"index":"index","follow":"follow","max-snippet":"max-snippet:-1","max-image-preview":"max-image-preview:large","max-video-preview":"max-video-preview:-1"},"canonical":"https:\/\/eta-inc.ca\/es\/productos\/","og_locale":"es_ES","og_type":"article","og_title":"Productos - ETA Inc","og_description":"ETA ofrece una amplia gama de instrumentos para que sus proyectos cumplan de manera rentable los requisitos de monitoreo y automatizaci\u00f3n.","og_url":"https:\/\/eta-inc.ca\/es\/productos\/","og_site_name":"ETA Inc","article_modified_time":"2020-09-09T17:28:28+00:00","og_image":[{"width":283,"height":275,"url":"https:\/\/eta-inc.ca\/wp-content\/uploads\/2020\/08\/products_blowers.jpg","type":"image\/jpeg"}],"twitter_card":"summary_large_image","twitter_misc":{"Tiempo de lectura":"1 minuto"},"schema":{"@context":"https:\/\/schema.org","@graph":[{"@type":"WebPage","@id":"https:\/\/eta-inc.ca\/es\/productos\/","url":"https:\/\/eta-inc.ca\/es\/productos\/","name":"Productos - ETA Inc","isPartOf":{"@id":"https:\/\/eta-inc.ca\/#website"},"primaryImageOfPage":{"@id":"https:\/\/eta-inc.ca\/es\/productos\/#primaryimage"},"image":{"@id":"https:\/\/eta-inc.ca\/es\/productos\/#primaryimage"},"thumbnailUrl":"https:\/\/eta-inc.ca\/wp-content\/uploads\/2020\/08\/products_blowers.jpg","datePublished":"2020-08-20T15:58:33+00:00","dateModified":"2020-09-09T17:28:28+00:00","description":"ETA ofrece una amplia gama de instrumentos para que sus proyectos cumplan de manera rentable los requisitos de monitoreo y automatizaci\u00f3n.","breadcrumb":{"@id":"https:\/\/eta-inc.ca\/es\/productos\/#breadcrumb"},"inLanguage":"es","potentialAction":[{"@type":"ReadAction","target":["https:\/\/eta-inc.ca\/es\/productos\/"]}]},{"@type":"ImageObject","inLanguage":"es","@id":"https:\/\/eta-inc.ca\/es\/productos\/#primaryimage","url":"https:\/\/eta-inc.ca\/wp-content\/uploads\/2020\/08\/products_blowers.jpg","contentUrl":"https:\/\/eta-inc.ca\/wp-content\/uploads\/2020\/08\/products_blowers.jpg","width":283,"height":275},{"@type":"BreadcrumbList","@id":"https:\/\/eta-inc.ca\/es\/productos\/#breadcrumb","itemListElement":[{"@type":"ListItem","position":1,"name":"Home","item":"https:\/\/eta-inc.ca\/es\/"},{"@type":"ListItem","position":2,"name":"Productos"}]},{"@type":"WebSite","@id":"https:\/\/eta-inc.ca\/#website","url":"https:\/\/eta-inc.ca\/","name":"ETA Inc","description":"","publisher":{"@id":"https:\/\/eta-inc.ca\/#organization"},"potentialAction":[{"@type":"SearchAction","target":{"@type":"EntryPoint","urlTemplate":"https:\/\/eta-inc.ca\/?s={search_term_string}"},"query-input":{"@type":"PropertyValueSpecification","valueRequired":true,"valueName":"search_term_string"}}],"inLanguage":"es"},{"@type":"Organization","@id":"https:\/\/eta-inc.ca\/#organization","name":"ETA Inc","url":"https:\/\/eta-inc.ca\/","logo":{"@type":"ImageObject","inLanguage":"es","@id":"https:\/\/eta-inc.ca\/#\/schema\/logo\/image\/","url":"https:\/\/eta-inc.ca\/wp-content\/uploads\/2020\/08\/DU-ETA-Logo.png","contentUrl":"https:\/\/eta-inc.ca\/wp-content\/uploads\/2020\/08\/DU-ETA-Logo.png","width":4882,"height":1343,"caption":"ETA Inc"},"image":{"@id":"https:\/\/eta-inc.ca\/#\/schema\/logo\/image\/"}}]}},"_links":{"self":[{"href":"https:\/\/eta-inc.ca\/es\/wp-json\/wp\/v2\/pages\/270","targetHints":{"allow":["GET"]}}],"collection":[{"href":"https:\/\/eta-inc.ca\/es\/wp-json\/wp\/v2\/pages"}],"about":[{"href":"https:\/\/eta-inc.ca\/es\/wp-json\/wp\/v2\/types\/page"}],"author":[{"embeddable":true,"href":"https:\/\/eta-inc.ca\/es\/wp-json\/wp\/v2\/users\/2"}],"replies":[{"embeddable":true,"href":"https:\/\/eta-inc.ca\/es\/wp-json\/wp\/v2\/comments?post=270"}],"version-history":[{"count":3,"href":"https:\/\/eta-inc.ca\/es\/wp-json\/wp\/v2\/pages\/270\/revisions"}],"predecessor-version":[{"id":403,"href":"https:\/\/eta-inc.ca\/es\/wp-json\/wp\/v2\/pages\/270\/revisions\/403"}],"wp:featuredmedia":[{"embeddable":true,"href":"https:\/\/eta-inc.ca\/es\/wp-json\/wp\/v2\/media\/212"}],"wp:attachment":[{"href":"https:\/\/eta-inc.ca\/es\/wp-json\/wp\/v2\/media?parent=270"}],"curies":[{"name":"wp","href":"https:\/\/api.w.org\/{rel}","templated":true}]}}