{"id":260,"date":"2020-08-20T11:44:14","date_gmt":"2020-08-20T15:44:14","guid":{"rendered":"https:\/\/eta-inc.ca\/?page_id=260"},"modified":"2025-04-15T14:05:10","modified_gmt":"2025-04-15T18:05:10","slug":"tecnologia-mabr","status":"publish","type":"page","link":"https:\/\/eta-inc.ca\/es\/tecnologia-mabr\/","title":{"rendered":"Tecnolog\u00eda MABR"},"content":{"rendered":"\t\t<div data-elementor-type=\"wp-page\" data-elementor-id=\"260\" class=\"elementor elementor-260\" data-elementor-post-type=\"page\">\n\t\t\t\t\t\t<section class=\"elementor-section elementor-top-section elementor-element elementor-element-2c70ecf elementor-section-height-min-height elementor-section-items-top elementor-section-boxed elementor-section-height-default\" data-id=\"2c70ecf\" data-element_type=\"section\" data-settings=\"{&quot;background_background&quot;:&quot;classic&quot;}\">\n\t\t\t\t\t\t<div class=\"elementor-container elementor-column-gap-default\">\n\t\t\t\t\t<div class=\"elementor-column elementor-col-50 elementor-top-column elementor-element elementor-element-4395bad\" data-id=\"4395bad\" data-element_type=\"column\">\n\t\t\t<div class=\"elementor-widget-wrap elementor-element-populated\">\n\t\t\t\t\t\t<div class=\"elementor-element elementor-element-e2425d1 elementor-widget elementor-widget-spacer\" data-id=\"e2425d1\" data-element_type=\"widget\" data-widget_type=\"spacer.default\">\n\t\t\t\t<div class=\"elementor-widget-container\">\n\t\t\t\t\t\t\t<div class=\"elementor-spacer\">\n\t\t\t<div class=\"elementor-spacer-inner\"><\/div>\n\t\t<\/div>\n\t\t\t\t\t\t<\/div>\n\t\t\t\t<\/div>\n\t\t\t\t<section class=\"elementor-section elementor-inner-section elementor-element elementor-element-938c4c6 elementor-section-boxed elementor-section-height-default elementor-section-height-default\" data-id=\"938c4c6\" data-element_type=\"section\">\n\t\t\t\t\t\t<div class=\"elementor-container elementor-column-gap-default\">\n\t\t\t\t\t<div class=\"elementor-column elementor-col-50 elementor-inner-column elementor-element elementor-element-3e74889\" data-id=\"3e74889\" data-element_type=\"column\" data-settings=\"{&quot;background_background&quot;:&quot;classic&quot;}\">\n\t\t\t<div class=\"elementor-widget-wrap elementor-element-populated\">\n\t\t\t\t\t\t<div class=\"elementor-element elementor-element-08199b4 elementor-widget elementor-widget-heading\" data-id=\"08199b4\" data-element_type=\"widget\" data-widget_type=\"heading.default\">\n\t\t\t\t<div class=\"elementor-widget-container\">\n\t\t\t\t\t<h2 class=\"elementor-heading-title elementor-size-default\">Tecnolog\u00eda MABR<\/h2>\t\t\t\t<\/div>\n\t\t\t\t<\/div>\n\t\t\t\t\t<\/div>\n\t\t<\/div>\n\t\t\t\t<div class=\"elementor-column elementor-col-50 elementor-inner-column elementor-element elementor-element-c434abe\" data-id=\"c434abe\" data-element_type=\"column\" data-settings=\"{&quot;background_background&quot;:&quot;classic&quot;}\">\n\t\t\t<div class=\"elementor-widget-wrap\">\n\t\t\t\t\t\t\t<\/div>\n\t\t<\/div>\n\t\t\t\t\t<\/div>\n\t\t<\/section>\n\t\t\t\t\t<\/div>\n\t\t<\/div>\n\t\t\t\t<div class=\"elementor-column elementor-col-50 elementor-top-column elementor-element elementor-element-0f43cb8\" data-id=\"0f43cb8\" data-element_type=\"column\">\n\t\t\t<div class=\"elementor-widget-wrap elementor-element-populated\">\n\t\t\t\t\t\t<section class=\"elementor-section elementor-inner-section elementor-element elementor-element-dcceb42 elementor-section-boxed elementor-section-height-default elementor-section-height-default\" data-id=\"dcceb42\" data-element_type=\"section\">\n\t\t\t\t\t\t<div class=\"elementor-container elementor-column-gap-default\">\n\t\t\t\t\t<div class=\"elementor-column elementor-col-50 elementor-inner-column elementor-element elementor-element-c208fa2\" data-id=\"c208fa2\" data-element_type=\"column\">\n\t\t\t<div class=\"elementor-widget-wrap\">\n\t\t\t\t\t\t\t<\/div>\n\t\t<\/div>\n\t\t\t\t<div class=\"elementor-column elementor-col-50 elementor-inner-column elementor-element elementor-element-2f77946\" data-id=\"2f77946\" data-element_type=\"column\">\n\t\t\t<div class=\"elementor-widget-wrap\">\n\t\t\t\t\t\t\t<\/div>\n\t\t<\/div>\n\t\t\t\t\t<\/div>\n\t\t<\/section>\n\t\t\t\t\t<\/div>\n\t\t<\/div>\n\t\t\t\t\t<\/div>\n\t\t<\/section>\n\t\t\t\t<section class=\"elementor-section elementor-top-section elementor-element elementor-element-3e1947a elementor-section-boxed elementor-section-height-default elementor-section-height-default\" data-id=\"3e1947a\" data-element_type=\"section\">\n\t\t\t\t\t\t<div class=\"elementor-container elementor-column-gap-default\">\n\t\t\t\t\t<div class=\"elementor-column elementor-col-100 elementor-top-column elementor-element elementor-element-eabe84a\" data-id=\"eabe84a\" data-element_type=\"column\">\n\t\t\t<div class=\"elementor-widget-wrap elementor-element-populated\">\n\t\t\t\t\t\t<section class=\"elementor-section elementor-inner-section elementor-element elementor-element-d97efe1 elementor-section-boxed elementor-section-height-default elementor-section-height-default\" data-id=\"d97efe1\" data-element_type=\"section\">\n\t\t\t\t\t\t<div class=\"elementor-container elementor-column-gap-default\">\n\t\t\t\t\t<div class=\"elementor-column elementor-col-50 elementor-inner-column elementor-element elementor-element-5365a2c\" data-id=\"5365a2c\" data-element_type=\"column\" data-settings=\"{&quot;background_background&quot;:&quot;classic&quot;}\">\n\t\t\t<div class=\"elementor-widget-wrap elementor-element-populated\">\n\t\t\t\t\t\t<div class=\"elementor-element elementor-element-59714ba elementor-widget elementor-widget-heading\" data-id=\"59714ba\" data-element_type=\"widget\" data-widget_type=\"heading.default\">\n\t\t\t\t<div class=\"elementor-widget-container\">\n\t\t\t\t\t<h2 class=\"elementor-heading-title elementor-size-default\">Tecnolog\u00eda MABR<\/h2>\t\t\t\t<\/div>\n\t\t\t\t<\/div>\n\t\t\t\t\t<\/div>\n\t\t<\/div>\n\t\t\t\t<div class=\"elementor-column elementor-col-50 elementor-inner-column elementor-element elementor-element-1d2f482\" data-id=\"1d2f482\" data-element_type=\"column\" data-settings=\"{&quot;background_background&quot;:&quot;classic&quot;}\">\n\t\t\t<div class=\"elementor-widget-wrap\">\n\t\t\t\t\t\t\t<\/div>\n\t\t<\/div>\n\t\t\t\t\t<\/div>\n\t\t<\/section>\n\t\t\t\t<section class=\"elementor-section elementor-inner-section elementor-element elementor-element-1185d6a elementor-section-boxed elementor-section-height-default elementor-section-height-default\" data-id=\"1185d6a\" data-element_type=\"section\">\n\t\t\t\t\t\t<div class=\"elementor-container elementor-column-gap-default\">\n\t\t\t\t\t<div class=\"elementor-column elementor-col-100 elementor-inner-column elementor-element elementor-element-3e96846\" data-id=\"3e96846\" data-element_type=\"column\">\n\t\t\t<div class=\"elementor-widget-wrap elementor-element-populated\">\n\t\t\t\t\t\t<div class=\"elementor-element elementor-element-2947ac0 elementor-widget elementor-widget-text-editor\" data-id=\"2947ac0\" data-element_type=\"widget\" data-widget_type=\"text-editor.default\">\n\t\t\t\t<div class=\"elementor-widget-container\">\n\t\t\t\t\t\t\t\t\t<p>El tratamiento aerobio convencional de aguas residuales, acaba de celebrar un siglo con procesos de lodos activados. \u00a0Le agradecemos la mayor parte de nuestro tratamiento de aguas residuales en los \u00faltimos 100 a\u00f1os. Pero hoy parece un proceso de alto consumo energ\u00e9tico un poco complicado de operar para la reutilizaci\u00f3n de agua de alta calidad.<\/p>\t\t\t\t\t\t\t\t<\/div>\n\t\t\t\t<\/div>\n\t\t\t\t\t<\/div>\n\t\t<\/div>\n\t\t\t\t\t<\/div>\n\t\t<\/section>\n\t\t\t\t<section class=\"elementor-section elementor-inner-section elementor-element elementor-element-aad1817 elementor-section-boxed elementor-section-height-default elementor-section-height-default\" data-id=\"aad1817\" data-element_type=\"section\">\n\t\t\t\t\t\t<div class=\"elementor-container elementor-column-gap-default\">\n\t\t\t\t\t<div class=\"elementor-column elementor-col-100 elementor-inner-column elementor-element elementor-element-e04c72c\" data-id=\"e04c72c\" data-element_type=\"column\">\n\t\t\t<div class=\"elementor-widget-wrap elementor-element-populated\">\n\t\t\t\t\t\t<div class=\"elementor-element elementor-element-3aa716e elementor-widget elementor-widget-image\" data-id=\"3aa716e\" data-element_type=\"widget\" data-widget_type=\"image.default\">\n\t\t\t\t<div class=\"elementor-widget-container\">\n\t\t\t\t\t\t\t\t\t\t\t\t\t\t\t<img fetchpriority=\"high\" decoding=\"async\" width=\"495\" height=\"330\" src=\"https:\/\/eta-inc.ca\/wp-content\/uploads\/2020\/08\/image12.png\" class=\"attachment-full size-full wp-image-105\" alt=\"\" srcset=\"https:\/\/eta-inc.ca\/wp-content\/uploads\/2020\/08\/image12.png 495w, https:\/\/eta-inc.ca\/wp-content\/uploads\/2020\/08\/image12-300x200.png 300w\" sizes=\"(max-width: 495px) 100vw, 495px\" \/>\t\t\t\t\t\t\t\t\t\t\t\t\t\t\t<\/div>\n\t\t\t\t<\/div>\n\t\t\t\t\t<\/div>\n\t\t<\/div>\n\t\t\t\t\t<\/div>\n\t\t<\/section>\n\t\t\t\t<section class=\"elementor-section elementor-inner-section elementor-element elementor-element-3b3cc0e elementor-section-boxed elementor-section-height-default elementor-section-height-default\" data-id=\"3b3cc0e\" data-element_type=\"section\">\n\t\t\t\t\t\t<div class=\"elementor-container elementor-column-gap-default\">\n\t\t\t\t\t<div class=\"elementor-column elementor-col-100 elementor-inner-column elementor-element elementor-element-f230947\" data-id=\"f230947\" data-element_type=\"column\">\n\t\t\t<div class=\"elementor-widget-wrap elementor-element-populated\">\n\t\t\t\t\t\t<div class=\"elementor-element elementor-element-cac65e0 elementor-widget elementor-widget-text-editor\" data-id=\"cac65e0\" data-element_type=\"widget\" data-widget_type=\"text-editor.default\">\n\t\t\t\t<div class=\"elementor-widget-container\">\n\t\t\t\t\t\t\t\t\t<p>Sabemos que una parte importante del costo del tratamiento de las aguas residuales se gasta en energ\u00eda para la aireaci\u00f3n. Hoy existe una alternativa para eso: el Reactor de Biofilm de Membrana Aireada (MABR) de respiraci\u00f3n autom\u00e1tica.<\/p>\t\t\t\t\t\t\t\t<\/div>\n\t\t\t\t<\/div>\n\t\t\t\t\t<\/div>\n\t\t<\/div>\n\t\t\t\t\t<\/div>\n\t\t<\/section>\n\t\t\t\t<section class=\"elementor-section elementor-inner-section elementor-element elementor-element-aad8632 elementor-section-boxed elementor-section-height-default elementor-section-height-default\" data-id=\"aad8632\" data-element_type=\"section\">\n\t\t\t\t\t\t<div class=\"elementor-container elementor-column-gap-default\">\n\t\t\t\t\t<div class=\"elementor-column elementor-col-100 elementor-inner-column elementor-element elementor-element-84a69bc\" data-id=\"84a69bc\" data-element_type=\"column\">\n\t\t\t<div class=\"elementor-widget-wrap elementor-element-populated\">\n\t\t\t\t\t\t<div class=\"elementor-element elementor-element-ee10e38 elementor-widget elementor-widget-image\" data-id=\"ee10e38\" data-element_type=\"widget\" data-widget_type=\"image.default\">\n\t\t\t\t<div class=\"elementor-widget-container\">\n\t\t\t\t\t\t\t\t\t\t\t\t\t\t\t<img decoding=\"async\" width=\"1065\" height=\"570\" src=\"https:\/\/eta-inc.ca\/wp-content\/uploads\/2020\/08\/image13.jpeg\" class=\"attachment-full size-full wp-image-106\" alt=\"\" srcset=\"https:\/\/eta-inc.ca\/wp-content\/uploads\/2020\/08\/image13.jpeg 1065w, https:\/\/eta-inc.ca\/wp-content\/uploads\/2020\/08\/image13-300x161.jpeg 300w, https:\/\/eta-inc.ca\/wp-content\/uploads\/2020\/08\/image13-1024x548.jpeg 1024w, https:\/\/eta-inc.ca\/wp-content\/uploads\/2020\/08\/image13-768x411.jpeg 768w\" sizes=\"(max-width: 1065px) 100vw, 1065px\" \/>\t\t\t\t\t\t\t\t\t\t\t\t\t\t\t<\/div>\n\t\t\t\t<\/div>\n\t\t\t\t<div class=\"elementor-element elementor-element-b99c41a elementor-widget elementor-widget-text-editor\" data-id=\"b99c41a\" data-element_type=\"widget\" data-widget_type=\"text-editor.default\">\n\t\t\t\t<div class=\"elementor-widget-container\">\n\t\t\t\t\t\t\t\t\t<p>Ideal para peque\u00f1as plantas de tratamiento de aguas residuales, MABR de Fluence Corporation es una membrana enrollada en espiral que proporciona aire a baja presi\u00f3n a trav\u00e9s de los espacios internos del lado de aire de la membrana, y un espacio externo del lado del agua entre las envolturas de la espiral. La espiral se sumerge en un tanque alimentado de manera continua por aguas residuales y el efluente se descarga por desbordamiento. Esta soluci\u00f3n ahorra energ\u00eda al eliminar la necesidad de suministrar aire comprimido en la profundidad del agua para la aireaci\u00f3n, gracias al proceso de aireaci\u00f3n pasiva patentado de Fluence.<\/p><p><strong>Caracter\u00edsticas y Beneficios:<\/strong><\/p><ul><li>Ahorro energ\u00e9tico del 90% para la aireaci\u00f3n y ahorro general del 80% (incluyendo la bomba de alimentaci\u00f3n)<\/li><li>Reducci\u00f3n del 30%-50% en la cantidad de lodo excedente en comparaci\u00f3n con los procesos convencionales<\/li><li>Nitrificaci\u00f3n y desnitrificaci\u00f3n simult\u00e1neas<\/li><li>Clarificaci\u00f3n de efluentes integrada dentro del m\u00f3dulo, por tanto, no se requieren clarificadores y la huella es<\/li><li>Dise\u00f1o modular que permite tratamiento distribuido en la planta e implementaci\u00f3n y expansi\u00f3n gradual en el futuro<\/li><li>Sin olores, instalaci\u00f3n en seco.<\/li><\/ul><p><span lang=\"ES-CO\"><br \/>La tecnolog\u00eda MABR de Fluence Corporation se ofrece en dos formatos vers\u00e1tiles:\u00a0<u><\/u><u><\/u><\/span><\/p><p><span lang=\"ES-CO\">Aspiral\u2122: sistemas de tratamiento de aguas residuales en contenedores\u00a0plug-and-play\u00a0<u><\/u><u><\/u><\/span><\/p><p><span lang=\"ES-CO\">SUBRE\u2122 \u2013\u00a0 proyectos\u00a0<i>greenfield<\/i>\u00a0o mejoras de capacidad con tecnolog\u00eda MABR<u><\/u><u><\/u><\/span><\/p><p><span lang=\"ES-CO\">Para m\u00e1s informaci\u00f3n, visite el sitio web de nuestro socio\u00a0<\/span><span style=\"color: #3366ff;\"><a style=\"color: #3366ff;\" href=\"https:\/\/www.fluencecorp.com\/mabr\/\" target=\"_blank\" rel=\"noopener\" data-saferedirecturl=\"https:\/\/www.google.com\/url?q=https:\/\/www.fluencecorp.com\/mabr\/&amp;source=gmail&amp;ust=1744826655371000&amp;usg=AOvVaw0Nx3BN8nlFaghtS1R4OJG4\"><span lang=\"ES-CO\">https:\/\/www.fluencecorp.com\/<wbr \/>mabr\/<\/span><\/a><\/span><\/p>\t\t\t\t\t\t\t\t<\/div>\n\t\t\t\t<\/div>\n\t\t\t\t\t<\/div>\n\t\t<\/div>\n\t\t\t\t\t<\/div>\n\t\t<\/section>\n\t\t\t\t\t<\/div>\n\t\t<\/div>\n\t\t\t\t\t<\/div>\n\t\t<\/section>\n\t\t\t\t<\/div>\n\t\t","protected":false},"excerpt":{"rendered":"<p>Tecnolog\u00eda MABR Tecnolog\u00eda MABR El tratamiento aerobio convencional de aguas residuales, acaba de celebrar un siglo con procesos de lodos activados. \u00a0Le agradecemos la mayor parte de nuestro tratamiento de aguas residuales en los \u00faltimos 100 a\u00f1os. Pero hoy parece un proceso de alto consumo energ\u00e9tico un poco complicado de operar para la reutilizaci\u00f3n de [&hellip;]<\/p>\n","protected":false},"author":2,"featured_media":204,"parent":0,"menu_order":0,"comment_status":"closed","ping_status":"closed","template":"","meta":{"footnotes":""},"class_list":["post-260","page","type-page","status-publish","has-post-thumbnail","hentry"],"yoast_head":"<!-- This site is optimized with the Yoast SEO plugin v26.6 - https:\/\/yoast.com\/wordpress\/plugins\/seo\/ -->\n<title>Tecnolog\u00eda MABR - ETA Inc<\/title>\n<meta name=\"description\" content=\"El tratamiento aerobio convencional de aguas residuales, acaba de celebrar un siglo con procesos de lodos activados.\" \/>\n<meta name=\"robots\" content=\"index, follow, max-snippet:-1, max-image-preview:large, max-video-preview:-1\" \/>\n<link rel=\"canonical\" href=\"https:\/\/eta-inc.ca\/mabr\/\" \/>\n<meta property=\"og:locale\" content=\"es_ES\" \/>\n<meta property=\"og:type\" content=\"article\" \/>\n<meta property=\"og:title\" content=\"Tecnolog\u00eda MABR - ETA Inc\" \/>\n<meta property=\"og:description\" content=\"El tratamiento aerobio convencional de aguas residuales, acaba de celebrar un siglo con procesos de lodos activados.\" \/>\n<meta property=\"og:url\" content=\"https:\/\/eta-inc.ca\/mabr\/\" \/>\n<meta property=\"og:site_name\" content=\"ETA Inc\" \/>\n<meta property=\"article:modified_time\" content=\"2025-04-15T18:05:10+00:00\" \/>\n<meta property=\"og:image\" content=\"https:\/\/eta-inc.ca\/wp-content\/uploads\/2020\/08\/image12.png\" \/>\n\t<meta property=\"og:image:width\" content=\"495\" \/>\n\t<meta property=\"og:image:height\" content=\"330\" \/>\n\t<meta property=\"og:image:type\" content=\"image\/png\" \/>\n<meta name=\"twitter:card\" content=\"summary_large_image\" \/>\n<meta name=\"twitter:label1\" content=\"Tiempo de lectura\" \/>\n\t<meta name=\"twitter:data1\" content=\"2 minutos\" \/>\n<script type=\"application\/ld+json\" class=\"yoast-schema-graph\">{\"@context\":\"https:\/\/schema.org\",\"@graph\":[{\"@type\":\"WebPage\",\"@id\":\"https:\/\/eta-inc.ca\/mabr\/\",\"url\":\"https:\/\/eta-inc.ca\/mabr\/\",\"name\":\"Tecnolog\u00eda MABR - ETA Inc\",\"isPartOf\":{\"@id\":\"https:\/\/eta-inc.ca\/#website\"},\"primaryImageOfPage\":{\"@id\":\"https:\/\/eta-inc.ca\/mabr\/#primaryimage\"},\"image\":{\"@id\":\"https:\/\/eta-inc.ca\/mabr\/#primaryimage\"},\"thumbnailUrl\":\"https:\/\/eta-inc.ca\/wp-content\/uploads\/2020\/08\/image12.png\",\"datePublished\":\"2020-08-20T15:44:14+00:00\",\"dateModified\":\"2025-04-15T18:05:10+00:00\",\"description\":\"El tratamiento aerobio convencional de aguas residuales, acaba de celebrar un siglo con procesos de lodos activados.\",\"breadcrumb\":{\"@id\":\"https:\/\/eta-inc.ca\/mabr\/#breadcrumb\"},\"inLanguage\":\"es\",\"potentialAction\":[{\"@type\":\"ReadAction\",\"target\":[\"https:\/\/eta-inc.ca\/mabr\/\"]}]},{\"@type\":\"ImageObject\",\"inLanguage\":\"es\",\"@id\":\"https:\/\/eta-inc.ca\/mabr\/#primaryimage\",\"url\":\"https:\/\/eta-inc.ca\/wp-content\/uploads\/2020\/08\/image12.png\",\"contentUrl\":\"https:\/\/eta-inc.ca\/wp-content\/uploads\/2020\/08\/image12.png\",\"width\":495,\"height\":330},{\"@type\":\"BreadcrumbList\",\"@id\":\"https:\/\/eta-inc.ca\/mabr\/#breadcrumb\",\"itemListElement\":[{\"@type\":\"ListItem\",\"position\":1,\"name\":\"Home\",\"item\":\"https:\/\/eta-inc.ca\/es\/\"},{\"@type\":\"ListItem\",\"position\":2,\"name\":\"Tecnolog\u00eda MABR\"}]},{\"@type\":\"WebSite\",\"@id\":\"https:\/\/eta-inc.ca\/#website\",\"url\":\"https:\/\/eta-inc.ca\/\",\"name\":\"ETA Inc\",\"description\":\"\",\"publisher\":{\"@id\":\"https:\/\/eta-inc.ca\/#organization\"},\"potentialAction\":[{\"@type\":\"SearchAction\",\"target\":{\"@type\":\"EntryPoint\",\"urlTemplate\":\"https:\/\/eta-inc.ca\/?s={search_term_string}\"},\"query-input\":{\"@type\":\"PropertyValueSpecification\",\"valueRequired\":true,\"valueName\":\"search_term_string\"}}],\"inLanguage\":\"es\"},{\"@type\":\"Organization\",\"@id\":\"https:\/\/eta-inc.ca\/#organization\",\"name\":\"ETA Inc\",\"url\":\"https:\/\/eta-inc.ca\/\",\"logo\":{\"@type\":\"ImageObject\",\"inLanguage\":\"es\",\"@id\":\"https:\/\/eta-inc.ca\/#\/schema\/logo\/image\/\",\"url\":\"https:\/\/eta-inc.ca\/wp-content\/uploads\/2020\/08\/DU-ETA-Logo.png\",\"contentUrl\":\"https:\/\/eta-inc.ca\/wp-content\/uploads\/2020\/08\/DU-ETA-Logo.png\",\"width\":4882,\"height\":1343,\"caption\":\"ETA Inc\"},\"image\":{\"@id\":\"https:\/\/eta-inc.ca\/#\/schema\/logo\/image\/\"}}]}<\/script>\n<!-- \/ Yoast SEO plugin. -->","yoast_head_json":{"title":"Tecnolog\u00eda MABR - ETA Inc","description":"El tratamiento aerobio convencional de aguas residuales, acaba de celebrar un siglo con procesos de lodos activados.","robots":{"index":"index","follow":"follow","max-snippet":"max-snippet:-1","max-image-preview":"max-image-preview:large","max-video-preview":"max-video-preview:-1"},"canonical":"https:\/\/eta-inc.ca\/mabr\/","og_locale":"es_ES","og_type":"article","og_title":"Tecnolog\u00eda MABR - ETA Inc","og_description":"El tratamiento aerobio convencional de aguas residuales, acaba de celebrar un siglo con procesos de lodos activados.","og_url":"https:\/\/eta-inc.ca\/mabr\/","og_site_name":"ETA Inc","article_modified_time":"2025-04-15T18:05:10+00:00","og_image":[{"width":495,"height":330,"url":"https:\/\/eta-inc.ca\/wp-content\/uploads\/2020\/08\/image12.png","type":"image\/png"}],"twitter_card":"summary_large_image","twitter_misc":{"Tiempo de lectura":"2 minutos"},"schema":{"@context":"https:\/\/schema.org","@graph":[{"@type":"WebPage","@id":"https:\/\/eta-inc.ca\/mabr\/","url":"https:\/\/eta-inc.ca\/mabr\/","name":"Tecnolog\u00eda MABR - ETA Inc","isPartOf":{"@id":"https:\/\/eta-inc.ca\/#website"},"primaryImageOfPage":{"@id":"https:\/\/eta-inc.ca\/mabr\/#primaryimage"},"image":{"@id":"https:\/\/eta-inc.ca\/mabr\/#primaryimage"},"thumbnailUrl":"https:\/\/eta-inc.ca\/wp-content\/uploads\/2020\/08\/image12.png","datePublished":"2020-08-20T15:44:14+00:00","dateModified":"2025-04-15T18:05:10+00:00","description":"El tratamiento aerobio convencional de aguas residuales, acaba de celebrar un siglo con procesos de lodos activados.","breadcrumb":{"@id":"https:\/\/eta-inc.ca\/mabr\/#breadcrumb"},"inLanguage":"es","potentialAction":[{"@type":"ReadAction","target":["https:\/\/eta-inc.ca\/mabr\/"]}]},{"@type":"ImageObject","inLanguage":"es","@id":"https:\/\/eta-inc.ca\/mabr\/#primaryimage","url":"https:\/\/eta-inc.ca\/wp-content\/uploads\/2020\/08\/image12.png","contentUrl":"https:\/\/eta-inc.ca\/wp-content\/uploads\/2020\/08\/image12.png","width":495,"height":330},{"@type":"BreadcrumbList","@id":"https:\/\/eta-inc.ca\/mabr\/#breadcrumb","itemListElement":[{"@type":"ListItem","position":1,"name":"Home","item":"https:\/\/eta-inc.ca\/es\/"},{"@type":"ListItem","position":2,"name":"Tecnolog\u00eda MABR"}]},{"@type":"WebSite","@id":"https:\/\/eta-inc.ca\/#website","url":"https:\/\/eta-inc.ca\/","name":"ETA Inc","description":"","publisher":{"@id":"https:\/\/eta-inc.ca\/#organization"},"potentialAction":[{"@type":"SearchAction","target":{"@type":"EntryPoint","urlTemplate":"https:\/\/eta-inc.ca\/?s={search_term_string}"},"query-input":{"@type":"PropertyValueSpecification","valueRequired":true,"valueName":"search_term_string"}}],"inLanguage":"es"},{"@type":"Organization","@id":"https:\/\/eta-inc.ca\/#organization","name":"ETA Inc","url":"https:\/\/eta-inc.ca\/","logo":{"@type":"ImageObject","inLanguage":"es","@id":"https:\/\/eta-inc.ca\/#\/schema\/logo\/image\/","url":"https:\/\/eta-inc.ca\/wp-content\/uploads\/2020\/08\/DU-ETA-Logo.png","contentUrl":"https:\/\/eta-inc.ca\/wp-content\/uploads\/2020\/08\/DU-ETA-Logo.png","width":4882,"height":1343,"caption":"ETA Inc"},"image":{"@id":"https:\/\/eta-inc.ca\/#\/schema\/logo\/image\/"}}]}},"_links":{"self":[{"href":"https:\/\/eta-inc.ca\/es\/wp-json\/wp\/v2\/pages\/260","targetHints":{"allow":["GET"]}}],"collection":[{"href":"https:\/\/eta-inc.ca\/es\/wp-json\/wp\/v2\/pages"}],"about":[{"href":"https:\/\/eta-inc.ca\/es\/wp-json\/wp\/v2\/types\/page"}],"author":[{"embeddable":true,"href":"https:\/\/eta-inc.ca\/es\/wp-json\/wp\/v2\/users\/2"}],"replies":[{"embeddable":true,"href":"https:\/\/eta-inc.ca\/es\/wp-json\/wp\/v2\/comments?post=260"}],"version-history":[{"count":5,"href":"https:\/\/eta-inc.ca\/es\/wp-json\/wp\/v2\/pages\/260\/revisions"}],"predecessor-version":[{"id":535,"href":"https:\/\/eta-inc.ca\/es\/wp-json\/wp\/v2\/pages\/260\/revisions\/535"}],"wp:featuredmedia":[{"embeddable":true,"href":"https:\/\/eta-inc.ca\/es\/wp-json\/wp\/v2\/media\/204"}],"wp:attachment":[{"href":"https:\/\/eta-inc.ca\/es\/wp-json\/wp\/v2\/media?parent=260"}],"curies":[{"name":"wp","href":"https:\/\/api.w.org\/{rel}","templated":true}]}}