{"id":257,"date":"2020-08-20T11:40:17","date_gmt":"2020-08-20T15:40:17","guid":{"rendered":"https:\/\/eta-inc.ca\/?page_id=257"},"modified":"2020-09-09T13:25:00","modified_gmt":"2020-09-09T17:25:00","slug":"essde-desammonificacion","status":"publish","type":"page","link":"https:\/\/eta-inc.ca\/es\/essde-desammonificacion\/","title":{"rendered":"EssDe &#8211; Desammonificaci\u00f3n"},"content":{"rendered":"\t\t<div data-elementor-type=\"wp-page\" data-elementor-id=\"257\" class=\"elementor elementor-257\" data-elementor-post-type=\"page\">\n\t\t\t\t\t\t<section class=\"elementor-section elementor-top-section elementor-element elementor-element-9934538 elementor-section-height-min-height elementor-section-items-top elementor-section-boxed elementor-section-height-default\" data-id=\"9934538\" data-element_type=\"section\" data-settings=\"{&quot;background_background&quot;:&quot;classic&quot;}\">\n\t\t\t\t\t\t<div class=\"elementor-container elementor-column-gap-default\">\n\t\t\t\t\t<div class=\"elementor-column elementor-col-50 elementor-top-column elementor-element elementor-element-d80257b\" data-id=\"d80257b\" data-element_type=\"column\">\n\t\t\t<div class=\"elementor-widget-wrap elementor-element-populated\">\n\t\t\t\t\t\t<div class=\"elementor-element elementor-element-36b520e elementor-widget elementor-widget-spacer\" data-id=\"36b520e\" data-element_type=\"widget\" data-widget_type=\"spacer.default\">\n\t\t\t\t<div class=\"elementor-widget-container\">\n\t\t\t\t\t\t\t<div class=\"elementor-spacer\">\n\t\t\t<div class=\"elementor-spacer-inner\"><\/div>\n\t\t<\/div>\n\t\t\t\t\t\t<\/div>\n\t\t\t\t<\/div>\n\t\t\t\t<section class=\"elementor-section elementor-inner-section elementor-element elementor-element-e071441 elementor-section-boxed elementor-section-height-default elementor-section-height-default\" data-id=\"e071441\" data-element_type=\"section\">\n\t\t\t\t\t\t<div class=\"elementor-container elementor-column-gap-default\">\n\t\t\t\t\t<div class=\"elementor-column elementor-col-50 elementor-inner-column elementor-element elementor-element-61d68d6\" data-id=\"61d68d6\" data-element_type=\"column\" data-settings=\"{&quot;background_background&quot;:&quot;classic&quot;}\">\n\t\t\t<div class=\"elementor-widget-wrap elementor-element-populated\">\n\t\t\t\t\t\t<div class=\"elementor-element elementor-element-e21570c elementor-widget elementor-widget-heading\" data-id=\"e21570c\" data-element_type=\"widget\" data-widget_type=\"heading.default\">\n\t\t\t\t<div class=\"elementor-widget-container\">\n\t\t\t\t\t<h2 class=\"elementor-heading-title elementor-size-default\">EssDe - DESAMMONIFICACI\u00d3N<\/h2>\t\t\t\t<\/div>\n\t\t\t\t<\/div>\n\t\t\t\t\t<\/div>\n\t\t<\/div>\n\t\t\t\t<div class=\"elementor-column elementor-col-50 elementor-inner-column elementor-element elementor-element-682ef5d\" data-id=\"682ef5d\" data-element_type=\"column\" data-settings=\"{&quot;background_background&quot;:&quot;classic&quot;}\">\n\t\t\t<div class=\"elementor-widget-wrap\">\n\t\t\t\t\t\t\t<\/div>\n\t\t<\/div>\n\t\t\t\t\t<\/div>\n\t\t<\/section>\n\t\t\t\t\t<\/div>\n\t\t<\/div>\n\t\t\t\t<div class=\"elementor-column elementor-col-50 elementor-top-column elementor-element elementor-element-5a28eba\" data-id=\"5a28eba\" data-element_type=\"column\">\n\t\t\t<div class=\"elementor-widget-wrap elementor-element-populated\">\n\t\t\t\t\t\t<section class=\"elementor-section elementor-inner-section elementor-element elementor-element-7fcee09 elementor-section-boxed elementor-section-height-default elementor-section-height-default\" data-id=\"7fcee09\" data-element_type=\"section\">\n\t\t\t\t\t\t<div class=\"elementor-container elementor-column-gap-default\">\n\t\t\t\t\t<div class=\"elementor-column elementor-col-50 elementor-inner-column elementor-element elementor-element-09a93c5\" data-id=\"09a93c5\" data-element_type=\"column\">\n\t\t\t<div class=\"elementor-widget-wrap\">\n\t\t\t\t\t\t\t<\/div>\n\t\t<\/div>\n\t\t\t\t<div class=\"elementor-column elementor-col-50 elementor-inner-column elementor-element elementor-element-237a7ea\" data-id=\"237a7ea\" data-element_type=\"column\">\n\t\t\t<div class=\"elementor-widget-wrap\">\n\t\t\t\t\t\t\t<\/div>\n\t\t<\/div>\n\t\t\t\t\t<\/div>\n\t\t<\/section>\n\t\t\t\t\t<\/div>\n\t\t<\/div>\n\t\t\t\t\t<\/div>\n\t\t<\/section>\n\t\t\t\t<section class=\"elementor-section elementor-top-section elementor-element elementor-element-d57633a elementor-section-boxed elementor-section-height-default elementor-section-height-default\" data-id=\"d57633a\" data-element_type=\"section\">\n\t\t\t\t\t\t<div class=\"elementor-container elementor-column-gap-default\">\n\t\t\t\t\t<div class=\"elementor-column elementor-col-100 elementor-top-column elementor-element elementor-element-1813e70\" data-id=\"1813e70\" data-element_type=\"column\">\n\t\t\t<div class=\"elementor-widget-wrap elementor-element-populated\">\n\t\t\t\t\t\t<section class=\"elementor-section elementor-inner-section elementor-element elementor-element-934aceb elementor-section-boxed elementor-section-height-default elementor-section-height-default\" data-id=\"934aceb\" data-element_type=\"section\">\n\t\t\t\t\t\t<div class=\"elementor-container elementor-column-gap-default\">\n\t\t\t\t\t<div class=\"elementor-column elementor-col-50 elementor-inner-column elementor-element elementor-element-fa206ae\" data-id=\"fa206ae\" data-element_type=\"column\" data-settings=\"{&quot;background_background&quot;:&quot;classic&quot;}\">\n\t\t\t<div class=\"elementor-widget-wrap elementor-element-populated\">\n\t\t\t\t\t\t<div class=\"elementor-element elementor-element-392c12a elementor-widget elementor-widget-heading\" data-id=\"392c12a\" data-element_type=\"widget\" data-widget_type=\"heading.default\">\n\t\t\t\t<div class=\"elementor-widget-container\">\n\t\t\t\t\t<h2 class=\"elementor-heading-title elementor-size-default\">DESAMMONIFICACI\u00d3N<\/h2>\t\t\t\t<\/div>\n\t\t\t\t<\/div>\n\t\t\t\t\t<\/div>\n\t\t<\/div>\n\t\t\t\t<div class=\"elementor-column elementor-col-50 elementor-inner-column elementor-element elementor-element-1c50edb\" data-id=\"1c50edb\" data-element_type=\"column\" data-settings=\"{&quot;background_background&quot;:&quot;classic&quot;}\">\n\t\t\t<div class=\"elementor-widget-wrap\">\n\t\t\t\t\t\t\t<\/div>\n\t\t<\/div>\n\t\t\t\t\t<\/div>\n\t\t<\/section>\n\t\t\t\t<section class=\"elementor-section elementor-inner-section elementor-element elementor-element-c74cafc elementor-section-boxed elementor-section-height-default elementor-section-height-default\" data-id=\"c74cafc\" data-element_type=\"section\">\n\t\t\t\t\t\t<div class=\"elementor-container elementor-column-gap-default\">\n\t\t\t\t\t<div class=\"elementor-column elementor-col-100 elementor-inner-column elementor-element elementor-element-6dbbbd6\" data-id=\"6dbbbd6\" data-element_type=\"column\">\n\t\t\t<div class=\"elementor-widget-wrap elementor-element-populated\">\n\t\t\t\t\t\t<div class=\"elementor-element elementor-element-c13592d elementor-widget elementor-widget-text-editor\" data-id=\"c13592d\" data-element_type=\"widget\" data-widget_type=\"text-editor.default\">\n\t\t\t\t<div class=\"elementor-widget-container\">\n\t\t\t\t\t\t\t\t\t<p>A diferencia del costoso m\u00e9todo tradicional de nitrificaci\u00f3n-desnitrificaci\u00f3n para eliminar nitr\u00f3geno, que requiere grandes cantidades de energ\u00eda y metanol, el proceso ESSDE\u00ae utiliza bacterias oxidantes de amon\u00edaco (AOB) y bacterias oxidantes de amonio anaerobias (anammox) para eliminar de manera eficiente y confiable el amon\u00edaco de las aguas residuales<strong>. La desammonificaci\u00f3n basada en anammox utiliza 60% menos de energ\u00eda, elimina por completo la necesidad de metanol y produce 90% menos lodo que los sistemas tradicionales. Reduce los costos y es muy respetuoso con el medio ambiente: el proceso EssDe\u00ae basado en anammox deja una huella de carbono baja porque \u00a0captura el di\u00f3xido de carbono.<\/strong><\/p>\t\t\t\t\t\t\t\t<\/div>\n\t\t\t\t<\/div>\n\t\t\t\t\t<\/div>\n\t\t<\/div>\n\t\t\t\t\t<\/div>\n\t\t<\/section>\n\t\t\t\t<section class=\"elementor-section elementor-inner-section elementor-element elementor-element-0b50ff4 elementor-section-boxed elementor-section-height-default elementor-section-height-default\" data-id=\"0b50ff4\" data-element_type=\"section\">\n\t\t\t\t\t\t<div class=\"elementor-container elementor-column-gap-default\">\n\t\t\t\t\t<div class=\"elementor-column elementor-col-50 elementor-inner-column elementor-element elementor-element-a983aec\" data-id=\"a983aec\" data-element_type=\"column\">\n\t\t\t<div class=\"elementor-widget-wrap elementor-element-populated\">\n\t\t\t\t\t\t<div class=\"elementor-element elementor-element-2fafa71 elementor-widget elementor-widget-image\" data-id=\"2fafa71\" data-element_type=\"widget\" data-widget_type=\"image.default\">\n\t\t\t\t<div class=\"elementor-widget-container\">\n\t\t\t\t\t\t\t\t\t\t\t\t\t\t\t<img fetchpriority=\"high\" decoding=\"async\" width=\"605\" height=\"530\" src=\"https:\/\/eta-inc.ca\/wp-content\/uploads\/2020\/08\/image9.png\" class=\"attachment-large size-large wp-image-101\" alt=\"\" srcset=\"https:\/\/eta-inc.ca\/wp-content\/uploads\/2020\/08\/image9.png 605w, https:\/\/eta-inc.ca\/wp-content\/uploads\/2020\/08\/image9-300x263.png 300w\" sizes=\"(max-width: 605px) 100vw, 605px\" \/>\t\t\t\t\t\t\t\t\t\t\t\t\t\t\t<\/div>\n\t\t\t\t<\/div>\n\t\t\t\t\t<\/div>\n\t\t<\/div>\n\t\t\t\t<div class=\"elementor-column elementor-col-50 elementor-inner-column elementor-element elementor-element-57c9cfa\" data-id=\"57c9cfa\" data-element_type=\"column\">\n\t\t\t<div class=\"elementor-widget-wrap elementor-element-populated\">\n\t\t\t\t\t\t<div class=\"elementor-element elementor-element-69cce82 elementor-widget elementor-widget-text-editor\" data-id=\"69cce82\" data-element_type=\"widget\" data-widget_type=\"text-editor.default\">\n\t\t\t\t<div class=\"elementor-widget-container\">\n\t\t\t\t\t\t\t\t\t<p>La verdadera clave del \u00e9xito de EssDe\u00ae es la estrategia de control patentado basada en anammox y el dispositivo de separaci\u00f3n de biomasa, que mantiene niveles adecuados tanto de AOB como de bacterias anammox. El dispositivo de separaci\u00f3n de biomasa desacopla el SRT permitiendo que prosperen dos bacterias, muy diferentes, AOB y anammox.<\/p><p>En 2008, el proceso fue nominado para el Premio al Proyecto de Mayor Eficiencia Energ\u00e9tica de las Naciones Unidas (ONU).<\/p>\t\t\t\t\t\t\t\t<\/div>\n\t\t\t\t<\/div>\n\t\t\t\t\t<\/div>\n\t\t<\/div>\n\t\t\t\t\t<\/div>\n\t\t<\/section>\n\t\t\t\t<section class=\"elementor-section elementor-inner-section elementor-element elementor-element-8730335 elementor-section-boxed elementor-section-height-default elementor-section-height-default\" data-id=\"8730335\" data-element_type=\"section\">\n\t\t\t\t\t\t<div class=\"elementor-container elementor-column-gap-default\">\n\t\t\t\t\t<div class=\"elementor-column elementor-col-100 elementor-inner-column elementor-element elementor-element-21cc30f\" data-id=\"21cc30f\" data-element_type=\"column\">\n\t\t\t<div class=\"elementor-widget-wrap elementor-element-populated\">\n\t\t\t\t\t\t<div class=\"elementor-element elementor-element-c173b55 elementor-widget elementor-widget-text-editor\" data-id=\"c173b55\" data-element_type=\"widget\" data-widget_type=\"text-editor.default\">\n\t\t\t\t<div class=\"elementor-widget-container\">\n\t\t\t\t\t\t\t\t\t<p>Principales Beneficios<\/p><ul><li>Ahorro significativo de recursos, al menos US $ 1\/kg N en comparaci\u00f3n con cualquier proceso alternativo<\/li><li>60% de ahorro energ\u00e9tico, no se requiere una fuente de carbono externa<\/li><li>No se requieren productos qu\u00edmicos adicionales para el ajuste del pH<\/li><li>Fijaci\u00f3n neta de CO2 (\u0394&gt; 5t CO2\/tN)<\/li><li>Menor producci\u00f3n de lodos excedentes<\/li><li>Costo espec\u00edfico m\u00e1s bajo de todos los sistemas disponibles en el mercado.<\/li><li>10 a\u00f1os de experiencia a gran escala y m\u00e1s de 50 instalaciones en todo el mundo<\/li><li>M\u00faltiples referencias para diferentes aplicaciones como agua de proceso, plantas de biog\u00e1s, lixiviado de vertedero e industria alimentaria<\/li><\/ul><p><strong>En alianza con <\/strong><span style=\"color: #00ccff;\"><a style=\"color: #00ccff;\" href=\"about:blank\"><strong>EssDe GmbH: tecnolog\u00edas para el tratamiento de aguas residuales<\/strong><\/a><\/span><a href=\"about:blank\"><strong>.<\/strong><\/a><strong> EssDe\u00ae GmbH se especializa en la renovaci\u00f3n y optimizaci\u00f3n de plantas de tratamiento de aguas residuales.<\/strong><\/p>\t\t\t\t\t\t\t\t<\/div>\n\t\t\t\t<\/div>\n\t\t\t\t\t<\/div>\n\t\t<\/div>\n\t\t\t\t\t<\/div>\n\t\t<\/section>\n\t\t\t\t\t<\/div>\n\t\t<\/div>\n\t\t\t\t\t<\/div>\n\t\t<\/section>\n\t\t\t\t<\/div>\n\t\t","protected":false},"excerpt":{"rendered":"<p>EssDe &#8211; DESAMMONIFICACI\u00d3N DESAMMONIFICACI\u00d3N A diferencia del costoso m\u00e9todo tradicional de nitrificaci\u00f3n-desnitrificaci\u00f3n para eliminar nitr\u00f3geno, que requiere grandes cantidades de energ\u00eda y metanol, el proceso ESSDE\u00ae utiliza bacterias oxidantes de amon\u00edaco (AOB) y bacterias oxidantes de amonio anaerobias (anammox) para eliminar de manera eficiente y confiable el amon\u00edaco de las aguas residuales. La desammonificaci\u00f3n basada [&hellip;]<\/p>\n","protected":false},"author":2,"featured_media":203,"parent":0,"menu_order":0,"comment_status":"closed","ping_status":"closed","template":"","meta":{"footnotes":""},"class_list":["post-257","page","type-page","status-publish","has-post-thumbnail","hentry"],"yoast_head":"<!-- This site is optimized with the Yoast SEO plugin v26.6 - https:\/\/yoast.com\/wordpress\/plugins\/seo\/ -->\n<title>EssDe - Desammonificaci\u00f3n - ETA Inc<\/title>\n<meta name=\"description\" content=\"La desammonificaci\u00f3n basada en anammox utiliza 60% menos de energ\u00eda, elimina por completo la necesidad de metanol y produce 90%.\" \/>\n<meta name=\"robots\" content=\"index, follow, max-snippet:-1, max-image-preview:large, max-video-preview:-1\" \/>\n<link rel=\"canonical\" href=\"https:\/\/eta-inc.ca\/es\/essde-desammonificacion\/\" \/>\n<meta property=\"og:locale\" content=\"es_ES\" \/>\n<meta property=\"og:type\" content=\"article\" \/>\n<meta property=\"og:title\" content=\"EssDe - Desammonificaci\u00f3n - ETA Inc\" \/>\n<meta property=\"og:description\" content=\"La desammonificaci\u00f3n basada en anammox utiliza 60% menos de energ\u00eda, elimina por completo la necesidad de metanol y produce 90%.\" \/>\n<meta property=\"og:url\" content=\"https:\/\/eta-inc.ca\/es\/essde-desammonificacion\/\" \/>\n<meta property=\"og:site_name\" content=\"ETA Inc\" \/>\n<meta property=\"article:modified_time\" content=\"2020-09-09T17:25:00+00:00\" \/>\n<meta property=\"og:image\" content=\"https:\/\/eta-inc.ca\/wp-content\/uploads\/2020\/08\/image9.png\" \/>\n\t<meta property=\"og:image:width\" content=\"605\" \/>\n\t<meta property=\"og:image:height\" content=\"530\" \/>\n\t<meta property=\"og:image:type\" content=\"image\/png\" \/>\n<meta name=\"twitter:card\" content=\"summary_large_image\" \/>\n<meta name=\"twitter:label1\" content=\"Tiempo de lectura\" \/>\n\t<meta name=\"twitter:data1\" content=\"2 minutos\" \/>\n<script type=\"application\/ld+json\" class=\"yoast-schema-graph\">{\"@context\":\"https:\/\/schema.org\",\"@graph\":[{\"@type\":\"WebPage\",\"@id\":\"https:\/\/eta-inc.ca\/es\/essde-desammonificacion\/\",\"url\":\"https:\/\/eta-inc.ca\/es\/essde-desammonificacion\/\",\"name\":\"EssDe - Desammonificaci\u00f3n - ETA Inc\",\"isPartOf\":{\"@id\":\"https:\/\/eta-inc.ca\/#website\"},\"primaryImageOfPage\":{\"@id\":\"https:\/\/eta-inc.ca\/es\/essde-desammonificacion\/#primaryimage\"},\"image\":{\"@id\":\"https:\/\/eta-inc.ca\/es\/essde-desammonificacion\/#primaryimage\"},\"thumbnailUrl\":\"https:\/\/eta-inc.ca\/wp-content\/uploads\/2020\/08\/image9.png\",\"datePublished\":\"2020-08-20T15:40:17+00:00\",\"dateModified\":\"2020-09-09T17:25:00+00:00\",\"description\":\"La desammonificaci\u00f3n basada en anammox utiliza 60% menos de energ\u00eda, elimina por completo la necesidad de metanol y produce 90%.\",\"breadcrumb\":{\"@id\":\"https:\/\/eta-inc.ca\/es\/essde-desammonificacion\/#breadcrumb\"},\"inLanguage\":\"es\",\"potentialAction\":[{\"@type\":\"ReadAction\",\"target\":[\"https:\/\/eta-inc.ca\/es\/essde-desammonificacion\/\"]}]},{\"@type\":\"ImageObject\",\"inLanguage\":\"es\",\"@id\":\"https:\/\/eta-inc.ca\/es\/essde-desammonificacion\/#primaryimage\",\"url\":\"https:\/\/eta-inc.ca\/wp-content\/uploads\/2020\/08\/image9.png\",\"contentUrl\":\"https:\/\/eta-inc.ca\/wp-content\/uploads\/2020\/08\/image9.png\",\"width\":605,\"height\":530},{\"@type\":\"BreadcrumbList\",\"@id\":\"https:\/\/eta-inc.ca\/es\/essde-desammonificacion\/#breadcrumb\",\"itemListElement\":[{\"@type\":\"ListItem\",\"position\":1,\"name\":\"Home\",\"item\":\"https:\/\/eta-inc.ca\/es\/\"},{\"@type\":\"ListItem\",\"position\":2,\"name\":\"EssDe &#8211; Desammonificaci\u00f3n\"}]},{\"@type\":\"WebSite\",\"@id\":\"https:\/\/eta-inc.ca\/#website\",\"url\":\"https:\/\/eta-inc.ca\/\",\"name\":\"ETA Inc\",\"description\":\"\",\"publisher\":{\"@id\":\"https:\/\/eta-inc.ca\/#organization\"},\"potentialAction\":[{\"@type\":\"SearchAction\",\"target\":{\"@type\":\"EntryPoint\",\"urlTemplate\":\"https:\/\/eta-inc.ca\/?s={search_term_string}\"},\"query-input\":{\"@type\":\"PropertyValueSpecification\",\"valueRequired\":true,\"valueName\":\"search_term_string\"}}],\"inLanguage\":\"es\"},{\"@type\":\"Organization\",\"@id\":\"https:\/\/eta-inc.ca\/#organization\",\"name\":\"ETA Inc\",\"url\":\"https:\/\/eta-inc.ca\/\",\"logo\":{\"@type\":\"ImageObject\",\"inLanguage\":\"es\",\"@id\":\"https:\/\/eta-inc.ca\/#\/schema\/logo\/image\/\",\"url\":\"https:\/\/eta-inc.ca\/wp-content\/uploads\/2020\/08\/DU-ETA-Logo.png\",\"contentUrl\":\"https:\/\/eta-inc.ca\/wp-content\/uploads\/2020\/08\/DU-ETA-Logo.png\",\"width\":4882,\"height\":1343,\"caption\":\"ETA Inc\"},\"image\":{\"@id\":\"https:\/\/eta-inc.ca\/#\/schema\/logo\/image\/\"}}]}<\/script>\n<!-- \/ Yoast SEO plugin. -->","yoast_head_json":{"title":"EssDe - Desammonificaci\u00f3n - ETA Inc","description":"La desammonificaci\u00f3n basada en anammox utiliza 60% menos de energ\u00eda, elimina por completo la necesidad de metanol y produce 90%.","robots":{"index":"index","follow":"follow","max-snippet":"max-snippet:-1","max-image-preview":"max-image-preview:large","max-video-preview":"max-video-preview:-1"},"canonical":"https:\/\/eta-inc.ca\/es\/essde-desammonificacion\/","og_locale":"es_ES","og_type":"article","og_title":"EssDe - Desammonificaci\u00f3n - ETA Inc","og_description":"La desammonificaci\u00f3n basada en anammox utiliza 60% menos de energ\u00eda, elimina por completo la necesidad de metanol y produce 90%.","og_url":"https:\/\/eta-inc.ca\/es\/essde-desammonificacion\/","og_site_name":"ETA Inc","article_modified_time":"2020-09-09T17:25:00+00:00","og_image":[{"width":605,"height":530,"url":"https:\/\/eta-inc.ca\/wp-content\/uploads\/2020\/08\/image9.png","type":"image\/png"}],"twitter_card":"summary_large_image","twitter_misc":{"Tiempo de lectura":"2 minutos"},"schema":{"@context":"https:\/\/schema.org","@graph":[{"@type":"WebPage","@id":"https:\/\/eta-inc.ca\/es\/essde-desammonificacion\/","url":"https:\/\/eta-inc.ca\/es\/essde-desammonificacion\/","name":"EssDe - Desammonificaci\u00f3n - ETA Inc","isPartOf":{"@id":"https:\/\/eta-inc.ca\/#website"},"primaryImageOfPage":{"@id":"https:\/\/eta-inc.ca\/es\/essde-desammonificacion\/#primaryimage"},"image":{"@id":"https:\/\/eta-inc.ca\/es\/essde-desammonificacion\/#primaryimage"},"thumbnailUrl":"https:\/\/eta-inc.ca\/wp-content\/uploads\/2020\/08\/image9.png","datePublished":"2020-08-20T15:40:17+00:00","dateModified":"2020-09-09T17:25:00+00:00","description":"La desammonificaci\u00f3n basada en anammox utiliza 60% menos de energ\u00eda, elimina por completo la necesidad de metanol y produce 90%.","breadcrumb":{"@id":"https:\/\/eta-inc.ca\/es\/essde-desammonificacion\/#breadcrumb"},"inLanguage":"es","potentialAction":[{"@type":"ReadAction","target":["https:\/\/eta-inc.ca\/es\/essde-desammonificacion\/"]}]},{"@type":"ImageObject","inLanguage":"es","@id":"https:\/\/eta-inc.ca\/es\/essde-desammonificacion\/#primaryimage","url":"https:\/\/eta-inc.ca\/wp-content\/uploads\/2020\/08\/image9.png","contentUrl":"https:\/\/eta-inc.ca\/wp-content\/uploads\/2020\/08\/image9.png","width":605,"height":530},{"@type":"BreadcrumbList","@id":"https:\/\/eta-inc.ca\/es\/essde-desammonificacion\/#breadcrumb","itemListElement":[{"@type":"ListItem","position":1,"name":"Home","item":"https:\/\/eta-inc.ca\/es\/"},{"@type":"ListItem","position":2,"name":"EssDe &#8211; Desammonificaci\u00f3n"}]},{"@type":"WebSite","@id":"https:\/\/eta-inc.ca\/#website","url":"https:\/\/eta-inc.ca\/","name":"ETA Inc","description":"","publisher":{"@id":"https:\/\/eta-inc.ca\/#organization"},"potentialAction":[{"@type":"SearchAction","target":{"@type":"EntryPoint","urlTemplate":"https:\/\/eta-inc.ca\/?s={search_term_string}"},"query-input":{"@type":"PropertyValueSpecification","valueRequired":true,"valueName":"search_term_string"}}],"inLanguage":"es"},{"@type":"Organization","@id":"https:\/\/eta-inc.ca\/#organization","name":"ETA Inc","url":"https:\/\/eta-inc.ca\/","logo":{"@type":"ImageObject","inLanguage":"es","@id":"https:\/\/eta-inc.ca\/#\/schema\/logo\/image\/","url":"https:\/\/eta-inc.ca\/wp-content\/uploads\/2020\/08\/DU-ETA-Logo.png","contentUrl":"https:\/\/eta-inc.ca\/wp-content\/uploads\/2020\/08\/DU-ETA-Logo.png","width":4882,"height":1343,"caption":"ETA Inc"},"image":{"@id":"https:\/\/eta-inc.ca\/#\/schema\/logo\/image\/"}}]}},"_links":{"self":[{"href":"https:\/\/eta-inc.ca\/es\/wp-json\/wp\/v2\/pages\/257","targetHints":{"allow":["GET"]}}],"collection":[{"href":"https:\/\/eta-inc.ca\/es\/wp-json\/wp\/v2\/pages"}],"about":[{"href":"https:\/\/eta-inc.ca\/es\/wp-json\/wp\/v2\/types\/page"}],"author":[{"embeddable":true,"href":"https:\/\/eta-inc.ca\/es\/wp-json\/wp\/v2\/users\/2"}],"replies":[{"embeddable":true,"href":"https:\/\/eta-inc.ca\/es\/wp-json\/wp\/v2\/comments?post=257"}],"version-history":[{"count":3,"href":"https:\/\/eta-inc.ca\/es\/wp-json\/wp\/v2\/pages\/257\/revisions"}],"predecessor-version":[{"id":399,"href":"https:\/\/eta-inc.ca\/es\/wp-json\/wp\/v2\/pages\/257\/revisions\/399"}],"wp:featuredmedia":[{"embeddable":true,"href":"https:\/\/eta-inc.ca\/es\/wp-json\/wp\/v2\/media\/203"}],"wp:attachment":[{"href":"https:\/\/eta-inc.ca\/es\/wp-json\/wp\/v2\/media?parent=257"}],"curies":[{"name":"wp","href":"https:\/\/api.w.org\/{rel}","templated":true}]}}