{"id":254,"date":"2020-08-20T11:36:04","date_gmt":"2020-08-20T15:36:04","guid":{"rendered":"https:\/\/eta-inc.ca\/?page_id=254"},"modified":"2020-09-09T13:29:49","modified_gmt":"2020-09-09T17:29:49","slug":"sselect","status":"publish","type":"page","link":"https:\/\/eta-inc.ca\/es\/sselect\/","title":{"rendered":"S::SELECT\u00ae"},"content":{"rendered":"\t\t<div data-elementor-type=\"wp-page\" data-elementor-id=\"254\" class=\"elementor elementor-254\" data-elementor-post-type=\"page\">\n\t\t\t\t\t\t<section class=\"elementor-section elementor-top-section elementor-element elementor-element-e193979 elementor-section-height-min-height elementor-section-items-top elementor-section-boxed elementor-section-height-default\" data-id=\"e193979\" data-element_type=\"section\" data-settings=\"{&quot;background_background&quot;:&quot;classic&quot;}\">\n\t\t\t\t\t\t<div class=\"elementor-container elementor-column-gap-default\">\n\t\t\t\t\t<div class=\"elementor-column elementor-col-50 elementor-top-column elementor-element elementor-element-9f4e930\" data-id=\"9f4e930\" data-element_type=\"column\">\n\t\t\t<div class=\"elementor-widget-wrap elementor-element-populated\">\n\t\t\t\t\t\t<div class=\"elementor-element elementor-element-e36d7d3 elementor-widget elementor-widget-spacer\" data-id=\"e36d7d3\" data-element_type=\"widget\" data-widget_type=\"spacer.default\">\n\t\t\t\t<div class=\"elementor-widget-container\">\n\t\t\t\t\t\t\t<div class=\"elementor-spacer\">\n\t\t\t<div class=\"elementor-spacer-inner\"><\/div>\n\t\t<\/div>\n\t\t\t\t\t\t<\/div>\n\t\t\t\t<\/div>\n\t\t\t\t<section class=\"elementor-section elementor-inner-section elementor-element elementor-element-b2474b9 elementor-section-boxed elementor-section-height-default elementor-section-height-default\" data-id=\"b2474b9\" data-element_type=\"section\">\n\t\t\t\t\t\t<div class=\"elementor-container elementor-column-gap-default\">\n\t\t\t\t\t<div class=\"elementor-column elementor-col-50 elementor-inner-column elementor-element elementor-element-90c5ad8\" data-id=\"90c5ad8\" data-element_type=\"column\" data-settings=\"{&quot;background_background&quot;:&quot;classic&quot;}\">\n\t\t\t<div class=\"elementor-widget-wrap elementor-element-populated\">\n\t\t\t\t\t\t<div class=\"elementor-element elementor-element-0480f44 elementor-widget elementor-widget-heading\" data-id=\"0480f44\" data-element_type=\"widget\" data-widget_type=\"heading.default\">\n\t\t\t\t<div class=\"elementor-widget-container\">\n\t\t\t\t\t<h2 class=\"elementor-heading-title elementor-size-default\">S::SELECT&reg;<\/h2>\t\t\t\t<\/div>\n\t\t\t\t<\/div>\n\t\t\t\t\t<\/div>\n\t\t<\/div>\n\t\t\t\t<div class=\"elementor-column elementor-col-50 elementor-inner-column elementor-element elementor-element-fd3106d\" data-id=\"fd3106d\" data-element_type=\"column\" data-settings=\"{&quot;background_background&quot;:&quot;classic&quot;}\">\n\t\t\t<div class=\"elementor-widget-wrap\">\n\t\t\t\t\t\t\t<\/div>\n\t\t<\/div>\n\t\t\t\t\t<\/div>\n\t\t<\/section>\n\t\t\t\t\t<\/div>\n\t\t<\/div>\n\t\t\t\t<div class=\"elementor-column elementor-col-50 elementor-top-column elementor-element elementor-element-80a7a6f\" data-id=\"80a7a6f\" data-element_type=\"column\">\n\t\t\t<div class=\"elementor-widget-wrap elementor-element-populated\">\n\t\t\t\t\t\t<section class=\"elementor-section elementor-inner-section elementor-element elementor-element-d9d3254 elementor-section-boxed elementor-section-height-default elementor-section-height-default\" data-id=\"d9d3254\" data-element_type=\"section\">\n\t\t\t\t\t\t<div class=\"elementor-container elementor-column-gap-default\">\n\t\t\t\t\t<div class=\"elementor-column elementor-col-50 elementor-inner-column elementor-element elementor-element-c201d53\" data-id=\"c201d53\" data-element_type=\"column\">\n\t\t\t<div class=\"elementor-widget-wrap\">\n\t\t\t\t\t\t\t<\/div>\n\t\t<\/div>\n\t\t\t\t<div class=\"elementor-column elementor-col-50 elementor-inner-column elementor-element elementor-element-a934ef6\" data-id=\"a934ef6\" data-element_type=\"column\">\n\t\t\t<div class=\"elementor-widget-wrap\">\n\t\t\t\t\t\t\t<\/div>\n\t\t<\/div>\n\t\t\t\t\t<\/div>\n\t\t<\/section>\n\t\t\t\t\t<\/div>\n\t\t<\/div>\n\t\t\t\t\t<\/div>\n\t\t<\/section>\n\t\t\t\t<section class=\"elementor-section elementor-top-section elementor-element elementor-element-565a3b5 elementor-section-boxed elementor-section-height-default elementor-section-height-default\" data-id=\"565a3b5\" data-element_type=\"section\">\n\t\t\t\t\t\t<div class=\"elementor-container elementor-column-gap-default\">\n\t\t\t\t\t<div class=\"elementor-column elementor-col-100 elementor-top-column elementor-element elementor-element-aacf400\" data-id=\"aacf400\" data-element_type=\"column\">\n\t\t\t<div class=\"elementor-widget-wrap elementor-element-populated\">\n\t\t\t\t\t\t<section class=\"elementor-section elementor-inner-section elementor-element elementor-element-8f8d28e elementor-section-boxed elementor-section-height-default elementor-section-height-default\" data-id=\"8f8d28e\" data-element_type=\"section\">\n\t\t\t\t\t\t<div class=\"elementor-container elementor-column-gap-default\">\n\t\t\t\t\t<div class=\"elementor-column elementor-col-50 elementor-inner-column elementor-element elementor-element-719f46a\" data-id=\"719f46a\" data-element_type=\"column\" data-settings=\"{&quot;background_background&quot;:&quot;classic&quot;}\">\n\t\t\t<div class=\"elementor-widget-wrap elementor-element-populated\">\n\t\t\t\t\t\t<div class=\"elementor-element elementor-element-ef633e2 elementor-widget elementor-widget-heading\" data-id=\"ef633e2\" data-element_type=\"widget\" data-widget_type=\"heading.default\">\n\t\t\t\t<div class=\"elementor-widget-container\">\n\t\t\t\t\t<h2 class=\"elementor-heading-title elementor-size-default\">S::Select\u00ae<\/h2>\t\t\t\t<\/div>\n\t\t\t\t<\/div>\n\t\t\t\t\t<\/div>\n\t\t<\/div>\n\t\t\t\t<div class=\"elementor-column elementor-col-50 elementor-inner-column elementor-element elementor-element-f89be45\" data-id=\"f89be45\" data-element_type=\"column\" data-settings=\"{&quot;background_background&quot;:&quot;classic&quot;}\">\n\t\t\t<div class=\"elementor-widget-wrap\">\n\t\t\t\t\t\t\t<\/div>\n\t\t<\/div>\n\t\t\t\t\t<\/div>\n\t\t<\/section>\n\t\t\t\t<section class=\"elementor-section elementor-inner-section elementor-element elementor-element-9480f01 elementor-section-boxed elementor-section-height-default elementor-section-height-default\" data-id=\"9480f01\" data-element_type=\"section\">\n\t\t\t\t\t\t<div class=\"elementor-container elementor-column-gap-default\">\n\t\t\t\t\t<div class=\"elementor-column elementor-col-100 elementor-inner-column elementor-element elementor-element-82bc3df\" data-id=\"82bc3df\" data-element_type=\"column\">\n\t\t\t<div class=\"elementor-widget-wrap elementor-element-populated\">\n\t\t\t\t\t\t<div class=\"elementor-element elementor-element-74d8fb1 elementor-widget elementor-widget-text-editor\" data-id=\"74d8fb1\" data-element_type=\"widget\" data-widget_type=\"text-editor.default\">\n\t\t\t\t<div class=\"elementor-widget-container\">\n\t\t\t\t\t\t\t\t\t<p>El Lodo Activado Convencional (CAS, por sus siglas en ingl\u00e9s) es la tecnolog\u00eda de aguas residuales predominante a nivel mundial. Una de las principales caracteristicas de esta tecnolog\u00eda es la capacidad de separar eficazmente las fracciones de l\u00edquidos y s\u00f3lidos. Los lodos flotantes o voluminosos, al menos temporalmente, han afectado la capacidad de los procesos y el rendimiento en muchas instalaciones de aguas residuales. S::Select\u00ae resuelve este problema.<\/p><p>En los clarificadores secundarios, los s\u00f3lidos del lodo activado se separan por la acci\u00f3n de la gravedad deposit\u00e1ndose en el fondo, mientras que el agua tratada se descarga a trav\u00e9s del vertedero de efluentes.<\/p><p>Los filamentosos y otros microorganismos no deseados, con malas propiedades de sedimentaci\u00f3n, pueden ser m\u00e1s abundantes y superar a otros microorganismos m\u00e1s deseables, impactando negativamente la sedimentaci\u00f3n. La mala capacidad de asentamiento impide el funcionamiento adecuado del sistema CAS general<\/p>\t\t\t\t\t\t\t\t<\/div>\n\t\t\t\t<\/div>\n\t\t\t\t\t<\/div>\n\t\t<\/div>\n\t\t\t\t\t<\/div>\n\t\t<\/section>\n\t\t\t\t<section class=\"elementor-section elementor-inner-section elementor-element elementor-element-8344701 elementor-section-boxed elementor-section-height-default elementor-section-height-default\" data-id=\"8344701\" data-element_type=\"section\">\n\t\t\t\t\t\t<div class=\"elementor-container elementor-column-gap-default\">\n\t\t\t\t\t<div class=\"elementor-column elementor-col-50 elementor-inner-column elementor-element elementor-element-c413e4d\" data-id=\"c413e4d\" data-element_type=\"column\">\n\t\t\t<div class=\"elementor-widget-wrap elementor-element-populated\">\n\t\t\t\t\t\t<div class=\"elementor-element elementor-element-e3819a1 elementor-widget elementor-widget-image\" data-id=\"e3819a1\" data-element_type=\"widget\" data-widget_type=\"image.default\">\n\t\t\t\t<div class=\"elementor-widget-container\">\n\t\t\t\t\t\t\t\t\t\t\t\t\t\t\t<img fetchpriority=\"high\" decoding=\"async\" width=\"800\" height=\"694\" src=\"https:\/\/eta-inc.ca\/wp-content\/uploads\/2020\/08\/image10-1024x888.jpg\" class=\"attachment-large size-large wp-image-95\" alt=\"\" srcset=\"https:\/\/eta-inc.ca\/wp-content\/uploads\/2020\/08\/image10-1024x888.jpg 1024w, https:\/\/eta-inc.ca\/wp-content\/uploads\/2020\/08\/image10-300x260.jpg 300w, https:\/\/eta-inc.ca\/wp-content\/uploads\/2020\/08\/image10-768x666.jpg 768w, https:\/\/eta-inc.ca\/wp-content\/uploads\/2020\/08\/image10.jpg 1299w\" sizes=\"(max-width: 800px) 100vw, 800px\" \/>\t\t\t\t\t\t\t\t\t\t\t\t\t\t\t<\/div>\n\t\t\t\t<\/div>\n\t\t\t\t\t<\/div>\n\t\t<\/div>\n\t\t\t\t<div class=\"elementor-column elementor-col-50 elementor-inner-column elementor-element elementor-element-f08be21\" data-id=\"f08be21\" data-element_type=\"column\">\n\t\t\t<div class=\"elementor-widget-wrap elementor-element-populated\">\n\t\t\t\t\t\t<div class=\"elementor-element elementor-element-1e6ed1e elementor-widget elementor-widget-text-editor\" data-id=\"1e6ed1e\" data-element_type=\"widget\" data-widget_type=\"text-editor.default\">\n\t\t\t\t<div class=\"elementor-widget-container\">\n\t\t\t\t\t\t\t\t\t<p>S::Select\u00ae ofrece una soluci\u00f3n completamente nueva e innovadora que se puede integrar f\u00e1cilmente en cualquier planta CAS existente. El proceso facilita la separaci\u00f3n de los lodos activados en fracciones pesadas y ligeras. Con la separaci\u00f3n de estas fracciones, se puede lograr una eliminaci\u00f3n selectiva que permite un mejor control del proceso. Como resultado tendremos consistencia en la capacidad biol\u00f3gica y de separaci\u00f3n, incremento del desempe\u00f1o y solidez del proceso durante todo el a\u00f1o.<\/p>\t\t\t\t\t\t\t\t<\/div>\n\t\t\t\t<\/div>\n\t\t\t\t\t<\/div>\n\t\t<\/div>\n\t\t\t\t\t<\/div>\n\t\t<\/section>\n\t\t\t\t<section class=\"elementor-section elementor-inner-section elementor-element elementor-element-1417728 elementor-section-boxed elementor-section-height-default elementor-section-height-default\" data-id=\"1417728\" data-element_type=\"section\">\n\t\t\t\t\t\t<div class=\"elementor-container elementor-column-gap-default\">\n\t\t\t\t\t<div class=\"elementor-column elementor-col-100 elementor-inner-column elementor-element elementor-element-db97e9d\" data-id=\"db97e9d\" data-element_type=\"column\">\n\t\t\t<div class=\"elementor-widget-wrap elementor-element-populated\">\n\t\t\t\t\t\t<div class=\"elementor-element elementor-element-f702089 elementor-widget elementor-widget-text-editor\" data-id=\"f702089\" data-element_type=\"widget\" data-widget_type=\"text-editor.default\">\n\t\t\t\t<div class=\"elementor-widget-container\">\n\t\t\t\t\t\t\t\t\t<p><strong>S::Select\u00ae con MIMICS\u00ae (gr\u00e1nulos artificiales) puede aumentar la tasa de carga de lodos (SLR por sus siglas en ingl\u00e9s) en un factor de 2,5-3,0, permitiendo reclasificar la capacidad de la planta existente en casi un 300%, con cambios menores. En el proceso de reclasificaci\u00f3n, no es necesario construir tanques adicionales.<\/strong><\/p>\t\t\t\t\t\t\t\t<\/div>\n\t\t\t\t<\/div>\n\t\t\t\t\t<\/div>\n\t\t<\/div>\n\t\t\t\t\t<\/div>\n\t\t<\/section>\n\t\t\t\t<section class=\"elementor-section elementor-inner-section elementor-element elementor-element-3f60a3b elementor-section-boxed elementor-section-height-default elementor-section-height-default\" data-id=\"3f60a3b\" data-element_type=\"section\">\n\t\t\t\t\t\t<div class=\"elementor-container elementor-column-gap-default\">\n\t\t\t\t\t<div class=\"elementor-column elementor-col-100 elementor-inner-column elementor-element elementor-element-6919d28\" data-id=\"6919d28\" data-element_type=\"column\">\n\t\t\t<div class=\"elementor-widget-wrap elementor-element-populated\">\n\t\t\t\t\t\t<div class=\"elementor-element elementor-element-0016d8a elementor-widget elementor-widget-image\" data-id=\"0016d8a\" data-element_type=\"widget\" data-widget_type=\"image.default\">\n\t\t\t\t<div class=\"elementor-widget-container\">\n\t\t\t\t\t\t\t\t\t\t\t\t\t\t\t<img decoding=\"async\" width=\"800\" height=\"450\" src=\"https:\/\/eta-inc.ca\/wp-content\/uploads\/2020\/08\/image14-1024x576.jpeg\" class=\"attachment-large size-large wp-image-96\" alt=\"\" srcset=\"https:\/\/eta-inc.ca\/wp-content\/uploads\/2020\/08\/image14-1024x576.jpeg 1024w, https:\/\/eta-inc.ca\/wp-content\/uploads\/2020\/08\/image14-300x169.jpeg 300w, https:\/\/eta-inc.ca\/wp-content\/uploads\/2020\/08\/image14-768x432.jpeg 768w, https:\/\/eta-inc.ca\/wp-content\/uploads\/2020\/08\/image14-1536x864.jpeg 1536w, https:\/\/eta-inc.ca\/wp-content\/uploads\/2020\/08\/image14.jpeg 1790w\" sizes=\"(max-width: 800px) 100vw, 800px\" \/>\t\t\t\t\t\t\t\t\t\t\t\t\t\t\t<\/div>\n\t\t\t\t<\/div>\n\t\t\t\t<div class=\"elementor-element elementor-element-930f334 elementor-widget elementor-widget-text-editor\" data-id=\"930f334\" data-element_type=\"widget\" data-widget_type=\"text-editor.default\">\n\t\t\t\t<div class=\"elementor-widget-container\">\n\t\t\t\t\t\t\t\t\t<p><strong>Principales beneficios<\/strong><\/p><ul><li>Duplicar\/triplicar la capacidad de la planta de tratamiento de aguas residuales existente.<\/li><li>Velocidad de sedimentaci\u00f3n muy alta 3-6 m\/h<\/li><li>Excelente capacidad de sedimentaci\u00f3n de lodos (SVI &lt;80 ml\/g)<\/li><li>Excelentes caracter\u00edsticas de efluente (TSS &lt;5 mg\/L, NH4-N &lt;1 mg\/L)<\/li><li>Mejora del espesamiento de lodos con reducci\u00f3n simult\u00e1nea del consumo de pol\u00edmero.<\/li><li>Se integra f\u00e1cilmente en cualquier planta existente (sin grandes obras de construcci\u00f3n civil).<\/li><li>Se completa en pocas semanas<\/li><li>Se combina f\u00e1cilmente con el proceso de Deammonificaci\u00f3n EssDe\u00ae<\/li><\/ul><p>\u00a0<\/p><p>En alianza con <span style=\"color: #00ccff;\"><a style=\"color: #00ccff;\" href=\"about:blank\">EssDe GmbH: tecnolog\u00edas para el tratamiento de aguas residuales<\/a><\/span>. EssDe\u00ae GmbH se especializa en la renovaci\u00f3n y optimizaci\u00f3n de plantas de tratamiento de aguas residuales.<\/p>\t\t\t\t\t\t\t\t<\/div>\n\t\t\t\t<\/div>\n\t\t\t\t\t<\/div>\n\t\t<\/div>\n\t\t\t\t\t<\/div>\n\t\t<\/section>\n\t\t\t\t\t<\/div>\n\t\t<\/div>\n\t\t\t\t\t<\/div>\n\t\t<\/section>\n\t\t\t\t<\/div>\n\t\t","protected":false},"excerpt":{"rendered":"<p>S::SELECT\u00ae S::Select\u00ae El Lodo Activado Convencional (CAS, por sus siglas en ingl\u00e9s) es la tecnolog\u00eda de aguas residuales predominante a nivel mundial. Una de las principales caracteristicas de esta tecnolog\u00eda es la capacidad de separar eficazmente las fracciones de l\u00edquidos y s\u00f3lidos. Los lodos flotantes o voluminosos, al menos temporalmente, han afectado la capacidad de [&hellip;]<\/p>\n","protected":false},"author":2,"featured_media":202,"parent":0,"menu_order":0,"comment_status":"closed","ping_status":"closed","template":"","meta":{"footnotes":""},"class_list":["post-254","page","type-page","status-publish","has-post-thumbnail","hentry"],"yoast_head":"<!-- This site is optimized with the Yoast SEO plugin v26.6 - https:\/\/yoast.com\/wordpress\/plugins\/seo\/ -->\n<title>S::SELECT\u00ae - ETA Inc<\/title>\n<meta name=\"description\" content=\"El Lodo Activado Convencional (CAS, por sus siglas en ingl\u00e9s) es la tecnolog\u00eda de aguas residuales predominante a nivel mundial.\" \/>\n<meta name=\"robots\" content=\"index, follow, max-snippet:-1, max-image-preview:large, max-video-preview:-1\" \/>\n<link rel=\"canonical\" href=\"https:\/\/eta-inc.ca\/es\/sselect\/\" \/>\n<meta property=\"og:locale\" content=\"es_ES\" \/>\n<meta property=\"og:type\" content=\"article\" \/>\n<meta property=\"og:title\" content=\"S::SELECT\u00ae - ETA Inc\" \/>\n<meta property=\"og:description\" content=\"El Lodo Activado Convencional (CAS, por sus siglas en ingl\u00e9s) es la tecnolog\u00eda de aguas residuales predominante a nivel mundial.\" \/>\n<meta property=\"og:url\" content=\"https:\/\/eta-inc.ca\/es\/sselect\/\" \/>\n<meta property=\"og:site_name\" content=\"ETA Inc\" \/>\n<meta property=\"article:modified_time\" content=\"2020-09-09T17:29:49+00:00\" \/>\n<meta property=\"og:image\" content=\"https:\/\/eta-inc.ca\/wp-content\/uploads\/2020\/08\/image14.jpeg\" \/>\n\t<meta property=\"og:image:width\" content=\"1790\" \/>\n\t<meta property=\"og:image:height\" content=\"1007\" \/>\n\t<meta property=\"og:image:type\" content=\"image\/jpeg\" \/>\n<meta name=\"twitter:card\" content=\"summary_large_image\" \/>\n<meta name=\"twitter:label1\" content=\"Tiempo de lectura\" \/>\n\t<meta name=\"twitter:data1\" content=\"2 minutos\" \/>\n<script type=\"application\/ld+json\" class=\"yoast-schema-graph\">{\"@context\":\"https:\/\/schema.org\",\"@graph\":[{\"@type\":\"WebPage\",\"@id\":\"https:\/\/eta-inc.ca\/es\/sselect\/\",\"url\":\"https:\/\/eta-inc.ca\/es\/sselect\/\",\"name\":\"S::SELECT\u00ae - ETA Inc\",\"isPartOf\":{\"@id\":\"https:\/\/eta-inc.ca\/#website\"},\"primaryImageOfPage\":{\"@id\":\"https:\/\/eta-inc.ca\/es\/sselect\/#primaryimage\"},\"image\":{\"@id\":\"https:\/\/eta-inc.ca\/es\/sselect\/#primaryimage\"},\"thumbnailUrl\":\"https:\/\/eta-inc.ca\/wp-content\/uploads\/2020\/08\/image14.jpeg\",\"datePublished\":\"2020-08-20T15:36:04+00:00\",\"dateModified\":\"2020-09-09T17:29:49+00:00\",\"description\":\"El Lodo Activado Convencional (CAS, por sus siglas en ingl\u00e9s) es la tecnolog\u00eda de aguas residuales predominante a nivel mundial.\",\"breadcrumb\":{\"@id\":\"https:\/\/eta-inc.ca\/es\/sselect\/#breadcrumb\"},\"inLanguage\":\"es\",\"potentialAction\":[{\"@type\":\"ReadAction\",\"target\":[\"https:\/\/eta-inc.ca\/es\/sselect\/\"]}]},{\"@type\":\"ImageObject\",\"inLanguage\":\"es\",\"@id\":\"https:\/\/eta-inc.ca\/es\/sselect\/#primaryimage\",\"url\":\"https:\/\/eta-inc.ca\/wp-content\/uploads\/2020\/08\/image14.jpeg\",\"contentUrl\":\"https:\/\/eta-inc.ca\/wp-content\/uploads\/2020\/08\/image14.jpeg\",\"width\":1790,\"height\":1007},{\"@type\":\"BreadcrumbList\",\"@id\":\"https:\/\/eta-inc.ca\/es\/sselect\/#breadcrumb\",\"itemListElement\":[{\"@type\":\"ListItem\",\"position\":1,\"name\":\"Home\",\"item\":\"https:\/\/eta-inc.ca\/es\/\"},{\"@type\":\"ListItem\",\"position\":2,\"name\":\"S::SELECT\u00ae\"}]},{\"@type\":\"WebSite\",\"@id\":\"https:\/\/eta-inc.ca\/#website\",\"url\":\"https:\/\/eta-inc.ca\/\",\"name\":\"ETA Inc\",\"description\":\"\",\"publisher\":{\"@id\":\"https:\/\/eta-inc.ca\/#organization\"},\"potentialAction\":[{\"@type\":\"SearchAction\",\"target\":{\"@type\":\"EntryPoint\",\"urlTemplate\":\"https:\/\/eta-inc.ca\/?s={search_term_string}\"},\"query-input\":{\"@type\":\"PropertyValueSpecification\",\"valueRequired\":true,\"valueName\":\"search_term_string\"}}],\"inLanguage\":\"es\"},{\"@type\":\"Organization\",\"@id\":\"https:\/\/eta-inc.ca\/#organization\",\"name\":\"ETA Inc\",\"url\":\"https:\/\/eta-inc.ca\/\",\"logo\":{\"@type\":\"ImageObject\",\"inLanguage\":\"es\",\"@id\":\"https:\/\/eta-inc.ca\/#\/schema\/logo\/image\/\",\"url\":\"https:\/\/eta-inc.ca\/wp-content\/uploads\/2020\/08\/DU-ETA-Logo.png\",\"contentUrl\":\"https:\/\/eta-inc.ca\/wp-content\/uploads\/2020\/08\/DU-ETA-Logo.png\",\"width\":4882,\"height\":1343,\"caption\":\"ETA Inc\"},\"image\":{\"@id\":\"https:\/\/eta-inc.ca\/#\/schema\/logo\/image\/\"}}]}<\/script>\n<!-- \/ Yoast SEO plugin. -->","yoast_head_json":{"title":"S::SELECT\u00ae - ETA Inc","description":"El Lodo Activado Convencional (CAS, por sus siglas en ingl\u00e9s) es la tecnolog\u00eda de aguas residuales predominante a nivel mundial.","robots":{"index":"index","follow":"follow","max-snippet":"max-snippet:-1","max-image-preview":"max-image-preview:large","max-video-preview":"max-video-preview:-1"},"canonical":"https:\/\/eta-inc.ca\/es\/sselect\/","og_locale":"es_ES","og_type":"article","og_title":"S::SELECT\u00ae - ETA Inc","og_description":"El Lodo Activado Convencional (CAS, por sus siglas en ingl\u00e9s) es la tecnolog\u00eda de aguas residuales predominante a nivel mundial.","og_url":"https:\/\/eta-inc.ca\/es\/sselect\/","og_site_name":"ETA Inc","article_modified_time":"2020-09-09T17:29:49+00:00","og_image":[{"width":1790,"height":1007,"url":"https:\/\/eta-inc.ca\/wp-content\/uploads\/2020\/08\/image14.jpeg","type":"image\/jpeg"}],"twitter_card":"summary_large_image","twitter_misc":{"Tiempo de lectura":"2 minutos"},"schema":{"@context":"https:\/\/schema.org","@graph":[{"@type":"WebPage","@id":"https:\/\/eta-inc.ca\/es\/sselect\/","url":"https:\/\/eta-inc.ca\/es\/sselect\/","name":"S::SELECT\u00ae - ETA Inc","isPartOf":{"@id":"https:\/\/eta-inc.ca\/#website"},"primaryImageOfPage":{"@id":"https:\/\/eta-inc.ca\/es\/sselect\/#primaryimage"},"image":{"@id":"https:\/\/eta-inc.ca\/es\/sselect\/#primaryimage"},"thumbnailUrl":"https:\/\/eta-inc.ca\/wp-content\/uploads\/2020\/08\/image14.jpeg","datePublished":"2020-08-20T15:36:04+00:00","dateModified":"2020-09-09T17:29:49+00:00","description":"El Lodo Activado Convencional (CAS, por sus siglas en ingl\u00e9s) es la tecnolog\u00eda de aguas residuales predominante a nivel mundial.","breadcrumb":{"@id":"https:\/\/eta-inc.ca\/es\/sselect\/#breadcrumb"},"inLanguage":"es","potentialAction":[{"@type":"ReadAction","target":["https:\/\/eta-inc.ca\/es\/sselect\/"]}]},{"@type":"ImageObject","inLanguage":"es","@id":"https:\/\/eta-inc.ca\/es\/sselect\/#primaryimage","url":"https:\/\/eta-inc.ca\/wp-content\/uploads\/2020\/08\/image14.jpeg","contentUrl":"https:\/\/eta-inc.ca\/wp-content\/uploads\/2020\/08\/image14.jpeg","width":1790,"height":1007},{"@type":"BreadcrumbList","@id":"https:\/\/eta-inc.ca\/es\/sselect\/#breadcrumb","itemListElement":[{"@type":"ListItem","position":1,"name":"Home","item":"https:\/\/eta-inc.ca\/es\/"},{"@type":"ListItem","position":2,"name":"S::SELECT\u00ae"}]},{"@type":"WebSite","@id":"https:\/\/eta-inc.ca\/#website","url":"https:\/\/eta-inc.ca\/","name":"ETA Inc","description":"","publisher":{"@id":"https:\/\/eta-inc.ca\/#organization"},"potentialAction":[{"@type":"SearchAction","target":{"@type":"EntryPoint","urlTemplate":"https:\/\/eta-inc.ca\/?s={search_term_string}"},"query-input":{"@type":"PropertyValueSpecification","valueRequired":true,"valueName":"search_term_string"}}],"inLanguage":"es"},{"@type":"Organization","@id":"https:\/\/eta-inc.ca\/#organization","name":"ETA Inc","url":"https:\/\/eta-inc.ca\/","logo":{"@type":"ImageObject","inLanguage":"es","@id":"https:\/\/eta-inc.ca\/#\/schema\/logo\/image\/","url":"https:\/\/eta-inc.ca\/wp-content\/uploads\/2020\/08\/DU-ETA-Logo.png","contentUrl":"https:\/\/eta-inc.ca\/wp-content\/uploads\/2020\/08\/DU-ETA-Logo.png","width":4882,"height":1343,"caption":"ETA Inc"},"image":{"@id":"https:\/\/eta-inc.ca\/#\/schema\/logo\/image\/"}}]}},"_links":{"self":[{"href":"https:\/\/eta-inc.ca\/es\/wp-json\/wp\/v2\/pages\/254","targetHints":{"allow":["GET"]}}],"collection":[{"href":"https:\/\/eta-inc.ca\/es\/wp-json\/wp\/v2\/pages"}],"about":[{"href":"https:\/\/eta-inc.ca\/es\/wp-json\/wp\/v2\/types\/page"}],"author":[{"embeddable":true,"href":"https:\/\/eta-inc.ca\/es\/wp-json\/wp\/v2\/users\/2"}],"replies":[{"embeddable":true,"href":"https:\/\/eta-inc.ca\/es\/wp-json\/wp\/v2\/comments?post=254"}],"version-history":[{"count":3,"href":"https:\/\/eta-inc.ca\/es\/wp-json\/wp\/v2\/pages\/254\/revisions"}],"predecessor-version":[{"id":405,"href":"https:\/\/eta-inc.ca\/es\/wp-json\/wp\/v2\/pages\/254\/revisions\/405"}],"wp:featuredmedia":[{"embeddable":true,"href":"https:\/\/eta-inc.ca\/es\/wp-json\/wp\/v2\/media\/202"}],"wp:attachment":[{"href":"https:\/\/eta-inc.ca\/es\/wp-json\/wp\/v2\/media?parent=254"}],"curies":[{"name":"wp","href":"https:\/\/api.w.org\/{rel}","templated":true}]}}