{"id":247,"date":"2020-08-20T10:37:45","date_gmt":"2020-08-20T14:37:45","guid":{"rendered":"https:\/\/eta-inc.ca\/?page_id=247"},"modified":"2020-09-09T13:24:12","modified_gmt":"2020-09-09T17:24:12","slug":"inicio","status":"publish","type":"page","link":"https:\/\/eta-inc.ca\/es\/","title":{"rendered":"Inicio"},"content":{"rendered":"\t\t<div data-elementor-type=\"wp-page\" data-elementor-id=\"247\" class=\"elementor elementor-247\" data-elementor-post-type=\"page\">\n\t\t\t\t\t\t<section class=\"elementor-section elementor-top-section elementor-element elementor-element-14248e1 elementor-section-height-min-height elementor-section-items-top elementor-section-boxed elementor-section-height-default\" data-id=\"14248e1\" data-element_type=\"section\" data-settings=\"{&quot;background_background&quot;:&quot;slideshow&quot;,&quot;background_slideshow_gallery&quot;:[{&quot;id&quot;:50,&quot;url&quot;:&quot;https:\\\/\\\/eta-inc.ca\\\/wp-content\\\/uploads\\\/2020\\\/08\\\/general-environment.jpg&quot;},{&quot;id&quot;:48,&quot;url&quot;:&quot;https:\\\/\\\/eta-inc.ca\\\/wp-content\\\/uploads\\\/2020\\\/08\\\/General-Environment-2.jpg&quot;},{&quot;id&quot;:49,&quot;url&quot;:&quot;https:\\\/\\\/eta-inc.ca\\\/wp-content\\\/uploads\\\/2020\\\/08\\\/General-Environment-3.jpg&quot;}],&quot;background_slideshow_slide_transition&quot;:&quot;slide_left&quot;,&quot;background_slideshow_loop&quot;:&quot;yes&quot;,&quot;background_slideshow_slide_duration&quot;:5000,&quot;background_slideshow_transition_duration&quot;:500}\">\n\t\t\t\t\t\t<div class=\"elementor-container elementor-column-gap-default\">\n\t\t\t\t\t<div class=\"elementor-column elementor-col-50 elementor-top-column elementor-element elementor-element-68deb48\" data-id=\"68deb48\" data-element_type=\"column\">\n\t\t\t<div class=\"elementor-widget-wrap elementor-element-populated\">\n\t\t\t\t\t\t<div class=\"elementor-element elementor-element-b03ecba elementor-widget elementor-widget-spacer\" data-id=\"b03ecba\" data-element_type=\"widget\" data-widget_type=\"spacer.default\">\n\t\t\t\t<div class=\"elementor-widget-container\">\n\t\t\t\t\t\t\t<div class=\"elementor-spacer\">\n\t\t\t<div class=\"elementor-spacer-inner\"><\/div>\n\t\t<\/div>\n\t\t\t\t\t\t<\/div>\n\t\t\t\t<\/div>\n\t\t\t\t<section class=\"elementor-section elementor-inner-section elementor-element elementor-element-ec0b569 elementor-section-boxed elementor-section-height-default elementor-section-height-default\" data-id=\"ec0b569\" data-element_type=\"section\">\n\t\t\t\t\t\t<div class=\"elementor-container elementor-column-gap-default\">\n\t\t\t\t\t<div class=\"elementor-column elementor-col-50 elementor-inner-column elementor-element elementor-element-30c15e0\" data-id=\"30c15e0\" data-element_type=\"column\" data-settings=\"{&quot;background_background&quot;:&quot;classic&quot;}\">\n\t\t\t<div class=\"elementor-widget-wrap elementor-element-populated\">\n\t\t\t\t\t\t<div class=\"elementor-element elementor-element-569b417 elementor-widget elementor-widget-heading\" data-id=\"569b417\" data-element_type=\"widget\" data-widget_type=\"heading.default\">\n\t\t\t\t<div class=\"elementor-widget-container\">\n\t\t\t\t\t<h2 class=\"elementor-heading-title elementor-size-default\">Las tecnolog\u00edas inteligentes <\/h2>\t\t\t\t<\/div>\n\t\t\t\t<\/div>\n\t\t\t\t\t<\/div>\n\t\t<\/div>\n\t\t\t\t<div class=\"elementor-column elementor-col-50 elementor-inner-column elementor-element elementor-element-92e3880\" data-id=\"92e3880\" data-element_type=\"column\" data-settings=\"{&quot;background_background&quot;:&quot;classic&quot;}\">\n\t\t\t<div class=\"elementor-widget-wrap\">\n\t\t\t\t\t\t\t<\/div>\n\t\t<\/div>\n\t\t\t\t\t<\/div>\n\t\t<\/section>\n\t\t\t\t<section class=\"elementor-section elementor-inner-section elementor-element elementor-element-70cc16b elementor-section-boxed elementor-section-height-default elementor-section-height-default\" data-id=\"70cc16b\" data-element_type=\"section\">\n\t\t\t\t\t\t<div class=\"elementor-container elementor-column-gap-default\">\n\t\t\t\t\t<div class=\"elementor-column elementor-col-100 elementor-inner-column elementor-element elementor-element-9de7f20\" data-id=\"9de7f20\" data-element_type=\"column\" data-settings=\"{&quot;background_background&quot;:&quot;classic&quot;}\">\n\t\t\t<div class=\"elementor-widget-wrap elementor-element-populated\">\n\t\t\t\t\t\t<div class=\"elementor-element elementor-element-6dc0e3d elementor-widget elementor-widget-heading\" data-id=\"6dc0e3d\" data-element_type=\"widget\" data-widget_type=\"heading.default\">\n\t\t\t\t<div class=\"elementor-widget-container\">\n\t\t\t\t\t<h2 class=\"elementor-heading-title elementor-size-default\">del proceso a las operaciones<\/h2>\t\t\t\t<\/div>\n\t\t\t\t<\/div>\n\t\t\t\t\t<\/div>\n\t\t<\/div>\n\t\t\t\t\t<\/div>\n\t\t<\/section>\n\t\t\t\t\t<\/div>\n\t\t<\/div>\n\t\t\t\t<div class=\"elementor-column elementor-col-50 elementor-top-column elementor-element elementor-element-2363e29\" data-id=\"2363e29\" data-element_type=\"column\">\n\t\t\t<div class=\"elementor-widget-wrap elementor-element-populated\">\n\t\t\t\t\t\t<section class=\"elementor-section elementor-inner-section elementor-element elementor-element-e0be5f3 elementor-section-boxed elementor-section-height-default elementor-section-height-default\" data-id=\"e0be5f3\" data-element_type=\"section\">\n\t\t\t\t\t\t<div class=\"elementor-container elementor-column-gap-default\">\n\t\t\t\t\t<div class=\"elementor-column elementor-col-50 elementor-inner-column elementor-element elementor-element-b6dcc2e\" data-id=\"b6dcc2e\" data-element_type=\"column\">\n\t\t\t<div class=\"elementor-widget-wrap\">\n\t\t\t\t\t\t\t<\/div>\n\t\t<\/div>\n\t\t\t\t<div class=\"elementor-column elementor-col-50 elementor-inner-column elementor-element elementor-element-c1c2052\" data-id=\"c1c2052\" data-element_type=\"column\">\n\t\t\t<div class=\"elementor-widget-wrap\">\n\t\t\t\t\t\t\t<\/div>\n\t\t<\/div>\n\t\t\t\t\t<\/div>\n\t\t<\/section>\n\t\t\t\t\t<\/div>\n\t\t<\/div>\n\t\t\t\t\t<\/div>\n\t\t<\/section>\n\t\t\t\t<section class=\"elementor-section elementor-top-section elementor-element elementor-element-05d9dbe elementor-section-boxed elementor-section-height-default elementor-section-height-default\" data-id=\"05d9dbe\" data-element_type=\"section\">\n\t\t\t\t\t\t<div class=\"elementor-container elementor-column-gap-default\">\n\t\t\t\t\t<div class=\"elementor-column elementor-col-100 elementor-top-column elementor-element elementor-element-fb572c1\" data-id=\"fb572c1\" data-element_type=\"column\">\n\t\t\t<div class=\"elementor-widget-wrap elementor-element-populated\">\n\t\t\t\t\t\t<section class=\"elementor-section elementor-inner-section elementor-element elementor-element-2f9fb5a elementor-section-boxed elementor-section-height-default elementor-section-height-default\" data-id=\"2f9fb5a\" data-element_type=\"section\">\n\t\t\t\t\t\t<div class=\"elementor-container elementor-column-gap-default\">\n\t\t\t\t\t<div class=\"elementor-column elementor-col-50 elementor-inner-column elementor-element elementor-element-e7e71fc\" data-id=\"e7e71fc\" data-element_type=\"column\" data-settings=\"{&quot;background_background&quot;:&quot;classic&quot;}\">\n\t\t\t<div class=\"elementor-widget-wrap elementor-element-populated\">\n\t\t\t\t\t\t<div class=\"elementor-element elementor-element-50de899 elementor-widget elementor-widget-spacer\" data-id=\"50de899\" data-element_type=\"widget\" data-widget_type=\"spacer.default\">\n\t\t\t\t<div class=\"elementor-widget-container\">\n\t\t\t\t\t\t\t<div class=\"elementor-spacer\">\n\t\t\t<div class=\"elementor-spacer-inner\"><\/div>\n\t\t<\/div>\n\t\t\t\t\t\t<\/div>\n\t\t\t\t<\/div>\n\t\t\t\t\t<\/div>\n\t\t<\/div>\n\t\t\t\t<div class=\"elementor-column elementor-col-50 elementor-inner-column elementor-element elementor-element-9d59111\" data-id=\"9d59111\" data-element_type=\"column\">\n\t\t\t<div class=\"elementor-widget-wrap elementor-element-populated\">\n\t\t\t\t\t\t<div class=\"elementor-element elementor-element-d93a814 elementor-widget elementor-widget-text-editor\" data-id=\"d93a814\" data-element_type=\"widget\" data-widget_type=\"text-editor.default\">\n\t\t\t\t<div class=\"elementor-widget-container\">\n\t\t\t\t\t\t\t\t\t<p><strong>Las tecnolog\u00edas inteligentes<\/strong><strong> de agua y aguas residuales son nuestra visi\u00f3n fundamental, abarcando desde el proceso hasta las operaciones. \u00a0Nuestro enfoque se centra en proporcionar tecnolog\u00eda y sistemas especializados para mejorar significativamente las operaciones y el negocio de nuestros clientes, en agua, aguas residuales y otras aplicaciones.<\/strong><\/p>\t\t\t\t\t\t\t\t<\/div>\n\t\t\t\t<\/div>\n\t\t\t\t\t<\/div>\n\t\t<\/div>\n\t\t\t\t\t<\/div>\n\t\t<\/section>\n\t\t\t\t<section class=\"elementor-section elementor-inner-section elementor-element elementor-element-53450c5 elementor-section-boxed elementor-section-height-default elementor-section-height-default\" data-id=\"53450c5\" data-element_type=\"section\">\n\t\t\t\t\t\t<div class=\"elementor-container elementor-column-gap-default\">\n\t\t\t\t\t<div class=\"elementor-column elementor-col-50 elementor-inner-column elementor-element elementor-element-cd0bd0f\" data-id=\"cd0bd0f\" data-element_type=\"column\">\n\t\t\t<div class=\"elementor-widget-wrap elementor-element-populated\">\n\t\t\t\t\t\t<div class=\"elementor-element elementor-element-c639ba6 elementor-widget elementor-widget-text-editor\" data-id=\"c639ba6\" data-element_type=\"widget\" data-widget_type=\"text-editor.default\">\n\t\t\t\t<div class=\"elementor-widget-container\">\n\t\t\t\t\t\t\t\t\t<p>Gracias a la amplia experiencia de nuestros Directores en la industria, nuestro objetivo es integrar las necesidades del cliente con la tecnolog\u00eda para implementar soluciones que incrementen la eficiencia, mejoren el medio ambiente y ahorren costos tanto de capital como operativos.<\/p>\t\t\t\t\t\t\t\t<\/div>\n\t\t\t\t<\/div>\n\t\t\t\t\t<\/div>\n\t\t<\/div>\n\t\t\t\t<div class=\"elementor-column elementor-col-50 elementor-inner-column elementor-element elementor-element-8d15843\" data-id=\"8d15843\" data-element_type=\"column\" data-settings=\"{&quot;background_background&quot;:&quot;classic&quot;}\">\n\t\t\t<div class=\"elementor-widget-wrap elementor-element-populated\">\n\t\t\t\t\t\t<div class=\"elementor-element elementor-element-9fa5167 elementor-widget elementor-widget-spacer\" data-id=\"9fa5167\" data-element_type=\"widget\" data-widget_type=\"spacer.default\">\n\t\t\t\t<div class=\"elementor-widget-container\">\n\t\t\t\t\t\t\t<div class=\"elementor-spacer\">\n\t\t\t<div class=\"elementor-spacer-inner\"><\/div>\n\t\t<\/div>\n\t\t\t\t\t\t<\/div>\n\t\t\t\t<\/div>\n\t\t\t\t\t<\/div>\n\t\t<\/div>\n\t\t\t\t\t<\/div>\n\t\t<\/section>\n\t\t\t\t\t<\/div>\n\t\t<\/div>\n\t\t\t\t\t<\/div>\n\t\t<\/section>\n\t\t\t\t<section class=\"elementor-section elementor-top-section elementor-element elementor-element-e03428c elementor-section-height-min-height elementor-section-boxed elementor-section-height-default elementor-section-items-middle\" data-id=\"e03428c\" data-element_type=\"section\" data-settings=\"{&quot;background_background&quot;:&quot;classic&quot;}\">\n\t\t\t\t\t\t<div class=\"elementor-container elementor-column-gap-default\">\n\t\t\t\t\t<div class=\"elementor-column elementor-col-100 elementor-top-column elementor-element elementor-element-640da74\" data-id=\"640da74\" data-element_type=\"column\">\n\t\t\t<div class=\"elementor-widget-wrap elementor-element-populated\">\n\t\t\t\t\t\t<section class=\"elementor-section elementor-inner-section elementor-element elementor-element-a5d2784 elementor-section-boxed elementor-section-height-default elementor-section-height-default\" data-id=\"a5d2784\" data-element_type=\"section\">\n\t\t\t\t\t\t<div class=\"elementor-container elementor-column-gap-default\">\n\t\t\t\t\t<div class=\"elementor-column elementor-col-50 elementor-inner-column elementor-element elementor-element-e6234e4\" data-id=\"e6234e4\" data-element_type=\"column\">\n\t\t\t<div class=\"elementor-widget-wrap elementor-element-populated\">\n\t\t\t\t\t\t<div class=\"elementor-element elementor-element-1b8ea47 elementor-widget elementor-widget-image\" data-id=\"1b8ea47\" data-element_type=\"widget\" data-widget_type=\"image.default\">\n\t\t\t\t<div class=\"elementor-widget-container\">\n\t\t\t\t\t\t\t\t\t\t\t\t\t\t\t<img fetchpriority=\"high\" decoding=\"async\" width=\"600\" height=\"264\" src=\"https:\/\/eta-inc.ca\/wp-content\/uploads\/2020\/08\/blue-water_mini.jpg\" class=\"attachment-full size-full wp-image-59\" alt=\"\" srcset=\"https:\/\/eta-inc.ca\/wp-content\/uploads\/2020\/08\/blue-water_mini.jpg 600w, https:\/\/eta-inc.ca\/wp-content\/uploads\/2020\/08\/blue-water_mini-300x132.jpg 300w\" sizes=\"(max-width: 600px) 100vw, 600px\" \/>\t\t\t\t\t\t\t\t\t\t\t\t\t\t\t<\/div>\n\t\t\t\t<\/div>\n\t\t\t\t<div class=\"elementor-element elementor-element-89af8eb elementor-widget elementor-widget-text-editor\" data-id=\"89af8eb\" data-element_type=\"widget\" data-widget_type=\"text-editor.default\">\n\t\t\t\t<div class=\"elementor-widget-container\">\n\t\t\t\t\t\t\t\t\t<p>Valoramos las alianzas a largo plazo con nuestros clientes, basadas en valor, integridad y equidad.<\/p>\t\t\t\t\t\t\t\t<\/div>\n\t\t\t\t<\/div>\n\t\t\t\t\t<\/div>\n\t\t<\/div>\n\t\t\t\t<div class=\"elementor-column elementor-col-50 elementor-inner-column elementor-element elementor-element-184d399\" data-id=\"184d399\" data-element_type=\"column\">\n\t\t\t<div class=\"elementor-widget-wrap elementor-element-populated\">\n\t\t\t\t\t\t<div class=\"elementor-element elementor-element-7813622 elementor-widget elementor-widget-image\" data-id=\"7813622\" data-element_type=\"widget\" data-widget_type=\"image.default\">\n\t\t\t\t<div class=\"elementor-widget-container\">\n\t\t\t\t\t\t\t\t\t\t\t\t\t\t\t<img decoding=\"async\" width=\"600\" height=\"264\" src=\"https:\/\/eta-inc.ca\/wp-content\/uploads\/2020\/08\/small-lake_mini.jpg\" class=\"attachment-full size-full wp-image-60\" alt=\"\" srcset=\"https:\/\/eta-inc.ca\/wp-content\/uploads\/2020\/08\/small-lake_mini.jpg 600w, https:\/\/eta-inc.ca\/wp-content\/uploads\/2020\/08\/small-lake_mini-300x132.jpg 300w\" sizes=\"(max-width: 600px) 100vw, 600px\" \/>\t\t\t\t\t\t\t\t\t\t\t\t\t\t\t<\/div>\n\t\t\t\t<\/div>\n\t\t\t\t<div class=\"elementor-element elementor-element-3121c30 elementor-widget elementor-widget-text-editor\" data-id=\"3121c30\" data-element_type=\"widget\" data-widget_type=\"text-editor.default\">\n\t\t\t\t<div class=\"elementor-widget-container\">\n\t\t\t\t\t\t\t\t\t<p>Estamos comprometidos para brindar tecnolog\u00edas que proporcionen un salto cu\u00e1ntico a sus proyectos y operaciones de capital.<\/p>\t\t\t\t\t\t\t\t<\/div>\n\t\t\t\t<\/div>\n\t\t\t\t\t<\/div>\n\t\t<\/div>\n\t\t\t\t\t<\/div>\n\t\t<\/section>\n\t\t\t\t\t<\/div>\n\t\t<\/div>\n\t\t\t\t\t<\/div>\n\t\t<\/section>\n\t\t\t\t<\/div>\n\t\t","protected":false},"excerpt":{"rendered":"<p>Las tecnolog\u00edas inteligentes del proceso a las operaciones Las tecnolog\u00edas inteligentes de agua y aguas residuales son nuestra visi\u00f3n fundamental, abarcando desde el proceso hasta las operaciones. &nbsp;Nuestro enfoque se centra en proporcionar tecnolog\u00eda y sistemas especializados para mejorar significativamente las operaciones y el negocio de nuestros clientes, en agua, aguas residuales y otras aplicaciones. [&hellip;]<\/p>\n","protected":false},"author":2,"featured_media":192,"parent":0,"menu_order":0,"comment_status":"closed","ping_status":"closed","template":"","meta":{"footnotes":""},"class_list":["post-247","page","type-page","status-publish","has-post-thumbnail","hentry"],"yoast_head":"<!-- This site is optimized with the Yoast SEO plugin v26.6 - https:\/\/yoast.com\/wordpress\/plugins\/seo\/ -->\n<title>Inicio - ETA Inc<\/title>\n<meta name=\"description\" content=\"Las tecnolog\u00edas inteligentes de agua y aguas residuales son nuestra visi\u00f3n fundamental, abarcando desde el proceso hasta las operaciones.\" \/>\n<meta name=\"robots\" content=\"index, follow, max-snippet:-1, max-image-preview:large, max-video-preview:-1\" \/>\n<link rel=\"canonical\" href=\"https:\/\/eta-inc.ca\/es\/\" \/>\n<meta property=\"og:locale\" content=\"es_ES\" \/>\n<meta property=\"og:type\" content=\"article\" \/>\n<meta property=\"og:title\" content=\"Inicio - ETA Inc\" \/>\n<meta property=\"og:description\" content=\"Las tecnolog\u00edas inteligentes de agua y aguas residuales son nuestra visi\u00f3n fundamental, abarcando desde el proceso hasta las operaciones.\" \/>\n<meta property=\"og:url\" content=\"https:\/\/eta-inc.ca\/es\/\" \/>\n<meta property=\"og:site_name\" content=\"ETA Inc\" \/>\n<meta property=\"article:modified_time\" content=\"2020-09-09T17:24:12+00:00\" \/>\n<meta property=\"og:image\" content=\"https:\/\/eta-inc.ca\/wp-content\/uploads\/2020\/08\/general-environment.jpg\" \/>\n\t<meta property=\"og:image:width\" content=\"1920\" \/>\n\t<meta property=\"og:image:height\" content=\"1080\" \/>\n\t<meta property=\"og:image:type\" content=\"image\/jpeg\" \/>\n<meta name=\"twitter:card\" content=\"summary_large_image\" \/>\n<meta name=\"twitter:label1\" content=\"Tiempo de lectura\" \/>\n\t<meta name=\"twitter:data1\" content=\"1 minuto\" \/>\n<script type=\"application\/ld+json\" class=\"yoast-schema-graph\">{\"@context\":\"https:\/\/schema.org\",\"@graph\":[{\"@type\":\"WebPage\",\"@id\":\"https:\/\/eta-inc.ca\/es\/\",\"url\":\"https:\/\/eta-inc.ca\/es\/\",\"name\":\"Inicio - ETA Inc\",\"isPartOf\":{\"@id\":\"https:\/\/eta-inc.ca\/#website\"},\"primaryImageOfPage\":{\"@id\":\"https:\/\/eta-inc.ca\/es\/#primaryimage\"},\"image\":{\"@id\":\"https:\/\/eta-inc.ca\/es\/#primaryimage\"},\"thumbnailUrl\":\"https:\/\/eta-inc.ca\/wp-content\/uploads\/2020\/08\/general-environment.jpg\",\"datePublished\":\"2020-08-20T14:37:45+00:00\",\"dateModified\":\"2020-09-09T17:24:12+00:00\",\"description\":\"Las tecnolog\u00edas inteligentes de agua y aguas residuales son nuestra visi\u00f3n fundamental, abarcando desde el proceso hasta las operaciones.\",\"breadcrumb\":{\"@id\":\"https:\/\/eta-inc.ca\/es\/#breadcrumb\"},\"inLanguage\":\"es\",\"potentialAction\":[{\"@type\":\"ReadAction\",\"target\":[\"https:\/\/eta-inc.ca\/es\/\"]}]},{\"@type\":\"ImageObject\",\"inLanguage\":\"es\",\"@id\":\"https:\/\/eta-inc.ca\/es\/#primaryimage\",\"url\":\"https:\/\/eta-inc.ca\/wp-content\/uploads\/2020\/08\/general-environment.jpg\",\"contentUrl\":\"https:\/\/eta-inc.ca\/wp-content\/uploads\/2020\/08\/general-environment.jpg\",\"width\":1920,\"height\":1080},{\"@type\":\"BreadcrumbList\",\"@id\":\"https:\/\/eta-inc.ca\/es\/#breadcrumb\",\"itemListElement\":[{\"@type\":\"ListItem\",\"position\":1,\"name\":\"Home\",\"item\":\"https:\/\/eta-inc.ca\/es\/\"},{\"@type\":\"ListItem\",\"position\":2,\"name\":\"Inicio\"}]},{\"@type\":\"WebSite\",\"@id\":\"https:\/\/eta-inc.ca\/#website\",\"url\":\"https:\/\/eta-inc.ca\/\",\"name\":\"ETA Inc\",\"description\":\"\",\"publisher\":{\"@id\":\"https:\/\/eta-inc.ca\/#organization\"},\"potentialAction\":[{\"@type\":\"SearchAction\",\"target\":{\"@type\":\"EntryPoint\",\"urlTemplate\":\"https:\/\/eta-inc.ca\/?s={search_term_string}\"},\"query-input\":{\"@type\":\"PropertyValueSpecification\",\"valueRequired\":true,\"valueName\":\"search_term_string\"}}],\"inLanguage\":\"es\"},{\"@type\":\"Organization\",\"@id\":\"https:\/\/eta-inc.ca\/#organization\",\"name\":\"ETA Inc\",\"url\":\"https:\/\/eta-inc.ca\/\",\"logo\":{\"@type\":\"ImageObject\",\"inLanguage\":\"es\",\"@id\":\"https:\/\/eta-inc.ca\/#\/schema\/logo\/image\/\",\"url\":\"https:\/\/eta-inc.ca\/wp-content\/uploads\/2020\/08\/DU-ETA-Logo.png\",\"contentUrl\":\"https:\/\/eta-inc.ca\/wp-content\/uploads\/2020\/08\/DU-ETA-Logo.png\",\"width\":4882,\"height\":1343,\"caption\":\"ETA Inc\"},\"image\":{\"@id\":\"https:\/\/eta-inc.ca\/#\/schema\/logo\/image\/\"}}]}<\/script>\n<!-- \/ Yoast SEO plugin. -->","yoast_head_json":{"title":"Inicio - ETA Inc","description":"Las tecnolog\u00edas inteligentes de agua y aguas residuales son nuestra visi\u00f3n fundamental, abarcando desde el proceso hasta las operaciones.","robots":{"index":"index","follow":"follow","max-snippet":"max-snippet:-1","max-image-preview":"max-image-preview:large","max-video-preview":"max-video-preview:-1"},"canonical":"https:\/\/eta-inc.ca\/es\/","og_locale":"es_ES","og_type":"article","og_title":"Inicio - ETA Inc","og_description":"Las tecnolog\u00edas inteligentes de agua y aguas residuales son nuestra visi\u00f3n fundamental, abarcando desde el proceso hasta las operaciones.","og_url":"https:\/\/eta-inc.ca\/es\/","og_site_name":"ETA Inc","article_modified_time":"2020-09-09T17:24:12+00:00","og_image":[{"width":1920,"height":1080,"url":"https:\/\/eta-inc.ca\/wp-content\/uploads\/2020\/08\/general-environment.jpg","type":"image\/jpeg"}],"twitter_card":"summary_large_image","twitter_misc":{"Tiempo de lectura":"1 minuto"},"schema":{"@context":"https:\/\/schema.org","@graph":[{"@type":"WebPage","@id":"https:\/\/eta-inc.ca\/es\/","url":"https:\/\/eta-inc.ca\/es\/","name":"Inicio - ETA Inc","isPartOf":{"@id":"https:\/\/eta-inc.ca\/#website"},"primaryImageOfPage":{"@id":"https:\/\/eta-inc.ca\/es\/#primaryimage"},"image":{"@id":"https:\/\/eta-inc.ca\/es\/#primaryimage"},"thumbnailUrl":"https:\/\/eta-inc.ca\/wp-content\/uploads\/2020\/08\/general-environment.jpg","datePublished":"2020-08-20T14:37:45+00:00","dateModified":"2020-09-09T17:24:12+00:00","description":"Las tecnolog\u00edas inteligentes de agua y aguas residuales son nuestra visi\u00f3n fundamental, abarcando desde el proceso hasta las operaciones.","breadcrumb":{"@id":"https:\/\/eta-inc.ca\/es\/#breadcrumb"},"inLanguage":"es","potentialAction":[{"@type":"ReadAction","target":["https:\/\/eta-inc.ca\/es\/"]}]},{"@type":"ImageObject","inLanguage":"es","@id":"https:\/\/eta-inc.ca\/es\/#primaryimage","url":"https:\/\/eta-inc.ca\/wp-content\/uploads\/2020\/08\/general-environment.jpg","contentUrl":"https:\/\/eta-inc.ca\/wp-content\/uploads\/2020\/08\/general-environment.jpg","width":1920,"height":1080},{"@type":"BreadcrumbList","@id":"https:\/\/eta-inc.ca\/es\/#breadcrumb","itemListElement":[{"@type":"ListItem","position":1,"name":"Home","item":"https:\/\/eta-inc.ca\/es\/"},{"@type":"ListItem","position":2,"name":"Inicio"}]},{"@type":"WebSite","@id":"https:\/\/eta-inc.ca\/#website","url":"https:\/\/eta-inc.ca\/","name":"ETA Inc","description":"","publisher":{"@id":"https:\/\/eta-inc.ca\/#organization"},"potentialAction":[{"@type":"SearchAction","target":{"@type":"EntryPoint","urlTemplate":"https:\/\/eta-inc.ca\/?s={search_term_string}"},"query-input":{"@type":"PropertyValueSpecification","valueRequired":true,"valueName":"search_term_string"}}],"inLanguage":"es"},{"@type":"Organization","@id":"https:\/\/eta-inc.ca\/#organization","name":"ETA Inc","url":"https:\/\/eta-inc.ca\/","logo":{"@type":"ImageObject","inLanguage":"es","@id":"https:\/\/eta-inc.ca\/#\/schema\/logo\/image\/","url":"https:\/\/eta-inc.ca\/wp-content\/uploads\/2020\/08\/DU-ETA-Logo.png","contentUrl":"https:\/\/eta-inc.ca\/wp-content\/uploads\/2020\/08\/DU-ETA-Logo.png","width":4882,"height":1343,"caption":"ETA Inc"},"image":{"@id":"https:\/\/eta-inc.ca\/#\/schema\/logo\/image\/"}}]}},"_links":{"self":[{"href":"https:\/\/eta-inc.ca\/es\/wp-json\/wp\/v2\/pages\/247","targetHints":{"allow":["GET"]}}],"collection":[{"href":"https:\/\/eta-inc.ca\/es\/wp-json\/wp\/v2\/pages"}],"about":[{"href":"https:\/\/eta-inc.ca\/es\/wp-json\/wp\/v2\/types\/page"}],"author":[{"embeddable":true,"href":"https:\/\/eta-inc.ca\/es\/wp-json\/wp\/v2\/users\/2"}],"replies":[{"embeddable":true,"href":"https:\/\/eta-inc.ca\/es\/wp-json\/wp\/v2\/comments?post=247"}],"version-history":[{"count":4,"href":"https:\/\/eta-inc.ca\/es\/wp-json\/wp\/v2\/pages\/247\/revisions"}],"predecessor-version":[{"id":398,"href":"https:\/\/eta-inc.ca\/es\/wp-json\/wp\/v2\/pages\/247\/revisions\/398"}],"wp:featuredmedia":[{"embeddable":true,"href":"https:\/\/eta-inc.ca\/es\/wp-json\/wp\/v2\/media\/192"}],"wp:attachment":[{"href":"https:\/\/eta-inc.ca\/es\/wp-json\/wp\/v2\/media?parent=247"}],"curies":[{"name":"wp","href":"https:\/\/api.w.org\/{rel}","templated":true}]}}